{"id":503,"date":"2019-12-27T10:15:53","date_gmt":"2019-12-27T10:15:53","guid":{"rendered":"https:\/\/costaparadisoresort.com\/?page_id=503"},"modified":"2019-12-27T10:15:53","modified_gmt":"2019-12-27T10:15:53","slug":"social","status":"publish","type":"page","link":"https:\/\/costaparadisoresort.com\/fr\/social\/","title":{"rendered":"Social"},"content":{"rendered":"\t\t<div data-elementor-type=\"wp-page\" data-elementor-id=\"503\" class=\"elementor elementor-503 elementor-114\">\n\t\t\t\t\t\t<section class=\"elementor-section elementor-top-section elementor-element elementor-element-f3dcc15 elementor-section-boxed elementor-section-height-default elementor-section-height-default\" data-id=\"f3dcc15\" data-element_type=\"section\">\n\t\t\t\t\t\t<div class=\"elementor-container elementor-column-gap-default\">\n\t\t\t\t\t<div class=\"elementor-column elementor-col-100 elementor-top-column elementor-element elementor-element-2949ecd\" data-id=\"2949ecd\" data-element_type=\"column\">\n\t\t\t<div class=\"elementor-widget-wrap elementor-element-populated\">\n\t\t\t\t\t\t<div class=\"elementor-element elementor-element-8df4e8a elementor-widget elementor-widget-heading\" data-id=\"8df4e8a\" data-element_type=\"widget\" data-widget_type=\"heading.default\">\n\t\t\t\t<div class=\"elementor-widget-container\">\n\t\t\t\t\t<h2 class=\"elementor-heading-title elementor-size-default\">\"Prendre soin de vous est notre mission\"<\/h2>\t\t\t\t<\/div>\n\t\t\t\t<\/div>\n\t\t\t\t\t<\/div>\n\t\t<\/div>\n\t\t\t\t\t<\/div>\n\t\t<\/section>\n\t\t\t\t<section class=\"elementor-section elementor-top-section elementor-element elementor-element-e7bec30 elementor-section-boxed elementor-section-height-default elementor-section-height-default\" data-id=\"e7bec30\" data-element_type=\"section\">\n\t\t\t\t\t\t<div class=\"elementor-container elementor-column-gap-default\">\n\t\t\t\t\t<div class=\"elementor-column elementor-col-100 elementor-top-column elementor-element elementor-element-2a4d59c\" data-id=\"2a4d59c\" data-element_type=\"column\">\n\t\t\t<div class=\"elementor-widget-wrap elementor-element-populated\">\n\t\t\t\t\t\t<div class=\"elementor-element elementor-element-0839e2a elementor-widget elementor-widget-text-editor\" data-id=\"0839e2a\" data-element_type=\"widget\" data-widget_type=\"text-editor.default\">\n\t\t\t\t<div class=\"elementor-widget-container\">\n\t\t\t\t\t\t\t\t\t<p>Le littoral le plus exceptionnel de la Sardaigne vous attend au Costa Paradiso Resort, que vous choisirez pour des vacances \u00e0 la mer oscillant entre le charme d&rsquo;une nature pr\u00e9serv\u00e9e et celui des criques silencieuses, baign\u00e9es d&rsquo;eaux transparentes et cadres de couchers de soleil saisissants.<\/p>\n<p>Dans un d\u00e9cor de r\u00eave, entre Porto Torres et Santa Teresa di Gallura, o\u00f9 le c\u0153ur de la Sardaigne la plus romantique se d\u00e9voile, vous b\u00e9n\u00e9ficierez de tout le confort moderne des villas de vacances du Costa Paradiso Resort, des espaces accueillants et soign\u00e9s dans le moindre d\u00e9tail, avec jardin priv\u00e9.<\/p>\n<p>Costa Paradiso est l&rsquo;un des lieux les plus fascinants de la Sardaigne. Connu dans le monde entier pour sa mer et ses piscines naturelles, dessin\u00e9es par des roches sculpt\u00e9es par les vents, voici un paradis baln\u00e9aire entour\u00e9 du maquis m\u00e9diterran\u00e9en qui vous laissera pantois.<\/p>\n\t\t\t\t\t\t\t\t<\/div>\n\t\t\t\t<\/div>\n\t\t\t\t\t<\/div>\n\t\t<\/div>\n\t\t\t\t\t<\/div>\n\t\t<\/section>\n\t\t\t\t<section class=\"elementor-section elementor-top-section elementor-element elementor-element-2c60278 elementor-section-boxed elementor-section-height-default elementor-section-height-default\" data-id=\"2c60278\" data-element_type=\"section\">\n\t\t\t\t\t\t<div class=\"elementor-container elementor-column-gap-default\">\n\t\t\t\t\t<div class=\"elementor-column elementor-col-100 elementor-top-column elementor-element elementor-element-9a93514\" data-id=\"9a93514\" data-element_type=\"column\">\n\t\t\t<div class=\"elementor-widget-wrap elementor-element-populated\">\n\t\t\t\t\t\t<div class=\"elementor-element elementor-element-eef7a6b elementor-widget elementor-widget-heading\" data-id=\"eef7a6b\" data-element_type=\"widget\" data-widget_type=\"heading.default\">\n\t\t\t\t<div class=\"elementor-widget-container\">\n\t\t\t\t\t<h2 class=\"elementor-heading-title elementor-size-default\">Suivez nous sur Facebook:<\/h2>\t\t\t\t<\/div>\n\t\t\t\t<\/div>\n\t\t\t\t\t<\/div>\n\t\t<\/div>\n\t\t\t\t\t<\/div>\n\t\t<\/section>\n\t\t\t\t<section class=\"elementor-section elementor-top-section elementor-element elementor-element-e93d87a elementor-section-boxed elementor-section-height-default elementor-section-height-default\" data-id=\"e93d87a\" data-element_type=\"section\">\n\t\t\t\t\t\t<div class=\"elementor-container elementor-column-gap-default\">\n\t\t\t\t\t<div class=\"elementor-column elementor-col-50 elementor-top-column elementor-element elementor-element-7c223e1\" data-id=\"7c223e1\" data-element_type=\"column\">\n\t\t\t<div class=\"elementor-widget-wrap elementor-element-populated\">\n\t\t\t\t\t\t<div class=\"elementor-element elementor-element-60d1c3e elementor-widget elementor-widget-facebook-page\" data-id=\"60d1c3e\" data-element_type=\"widget\" data-widget_type=\"facebook-page.default\">\n\t\t\t\t<div class=\"elementor-widget-container\">\n\t\t\t\t\t \t\t\t\t<\/div>\n\t\t\t\t<\/div>\n\t\t\t\t\t<\/div>\n\t\t<\/div>\n\t\t\t\t<div class=\"elementor-column elementor-col-50 elementor-top-column elementor-element elementor-element-63242f9\" data-id=\"63242f9\" data-element_type=\"column\">\n\t\t\t<div class=\"elementor-widget-wrap elementor-element-populated\">\n\t\t\t\t\t\t<div class=\"elementor-element elementor-element-59805a6 elementor-widget elementor-widget-shortcode\" data-id=\"59805a6\" data-element_type=\"widget\" data-widget_type=\"shortcode.default\">\n\t\t\t\t<div class=\"elementor-widget-container\">\n\t\t\t\t\t\t\t<div class=\"elementor-shortcode\"><div class=\"wprev-no-slider\" id=\"wprev-slider-1\"><style>#wprev-slider-1 .wprev_preview_bradius_T1 {border-radius: 0px;}#wprev-slider-1 .wprev_preview_bg1_T1 {background:;}#wprev-slider-1 .wprev_preview_bg2_T1 {background:;}#wprev-slider-1 .wprev_preview_tcolor1_T1 {color:;}#wprev-slider-1 .wprev_preview_tcolor2_T1 {color:;}#wprev-slider-1 .wprev_preview_bg1_T1::after{ border-top: 30px solid ; }<\/style><style>ul { padding-left: 0px; }<\/style>\t\t<div class=\"wptripadvisor_t1_outer_div w3_wprs-row-padding\">\r\n\t\t\t\t<div class=\"wptripadvisor_t1_DIV_1 w3_wprs-col l12\">\r\n\t\t\t<div class=\"wptripadvisor_t1_DIV_2 wprev_preview_bg1_T1 wprev_preview_bradius_T1\">\r\n\t\t\t\t<p class=\"wptripadvisor_t1_P_3 wprev_preview_tcolor1_T1\">\r\n\t\t\t\t\t<span class=\"wptripadvisor_star_imgs_T1\"><img decoding=\"async\" src=\"https:\/\/costaparadisoresort.com\/wp-content\/plugins\/wp-tripadvisor-review-slider\/public\/partials\/imgs\/tripadvisor_stars_5.png\" alt=\"star rating\" class=\"wptripadvisor_t1_star_img_file\">&nbsp;&nbsp;<\/span>Abbiamo trascorso dieci giorni di vacanza ideale, perfetta, stupenda in costa paradiso. Villa con piscina riscaldata, dal patio una vista mare con tramonto. <br \/>\r\nPersonale professionale, gentile e sempre disponibile.<br<a class='wprs_rd_more'>... read more<\/a><span class='wprs_rd_more_text' style='display:none;'> \/>\r\nSicuramente ci torneremo  e la consigliamo a tutti<\/span>\t\t\t\t<\/p>\r\n\t\t\t\t\t\t\t\t<a href=\"https:\/\/www.tripadvisor.it\/Hotel_Review-g635629-d2144350-Reviews-Costa_Paradiso_Resort-Costa_Paradiso_Trinita_d_Agultu_e_Vignola_Province_of_Olbia_Temp.html\" target=\"_blank\" rel=\"nofollow\"><img decoding=\"async\" src=\"https:\/\/costaparadisoresort.com\/wp-content\/plugins\/wp-tripadvisor-review-slider\/public\/partials\/imgs\/tripadvisor_outline.png\" alt=\"tripadvisor logo\" class=\"wptripadvisor_t1_tripadvisor_logo\"><\/a>\t\t\t<\/div><span class=\"wptripadvisor_t1_A_8\"><\/span> <span class=\"wptripadvisor_t1_SPAN_5 wprev_preview_tcolor2_T1\">Antonio S<br\/><span class=\"wprev_showdate_T1\">septembre 19, 2023<\/span> <\/span>\r\n\t\t<\/div>\r\n\t\t<\/div>\r\n\t\t<div class=\"wptripadvisor_t1_outer_div w3_wprs-row-padding\">\r\n\t\t\t\t<div class=\"wptripadvisor_t1_DIV_1 w3_wprs-col l12\">\r\n\t\t\t<div class=\"wptripadvisor_t1_DIV_2 wprev_preview_bg1_T1 wprev_preview_bradius_T1\">\r\n\t\t\t\t<p class=\"wptripadvisor_t1_P_3 wprev_preview_tcolor1_T1\">\r\n\t\t\t\t\t<span class=\"wptripadvisor_star_imgs_T1\"><img decoding=\"async\" src=\"https:\/\/costaparadisoresort.com\/wp-content\/plugins\/wp-tripadvisor-review-slider\/public\/partials\/imgs\/tripadvisor_stars_5.png\" alt=\"star rating\" class=\"wptripadvisor_t1_star_img_file\">&nbsp;&nbsp;<\/span>Il posto \u00e8 meraviglioso, ogni descrizione sarebbe superflua. Abbiamo soggiornato nella villa Granito, che ha ogni comfort necessario e una vista splendida, con discesa a mare. Il personale sempre disponibile,<a class='wprs_rd_more'>... read more<\/a><span class='wprs_rd_more_text' style='display:none;'> che ci ha fatti sentire coccolati in ogni momento. In particolare, vorrei ringraziare Sagi e Ryan. Consigliatissimo!<\/span>\t\t\t\t<\/p>\r\n\t\t\t\t\t\t\t\t<a href=\"https:\/\/www.tripadvisor.it\/Hotel_Review-g635629-d2144350-Reviews-Costa_Paradiso_Resort-Costa_Paradiso_Trinita_d_Agultu_e_Vignola_Province_of_Olbia_Temp.html\" target=\"_blank\" rel=\"nofollow\"><img decoding=\"async\" src=\"https:\/\/costaparadisoresort.com\/wp-content\/plugins\/wp-tripadvisor-review-slider\/public\/partials\/imgs\/tripadvisor_outline.png\" alt=\"tripadvisor logo\" class=\"wptripadvisor_t1_tripadvisor_logo\"><\/a>\t\t\t<\/div><span class=\"wptripadvisor_t1_A_8\"><\/span> <span class=\"wptripadvisor_t1_SPAN_5 wprev_preview_tcolor2_T1\">Giulia E<br\/><span class=\"wprev_showdate_T1\">septembre 10, 2023<\/span> <\/span>\r\n\t\t<\/div>\r\n\t\t<\/div>\r\n\t\t<div class=\"wptripadvisor_t1_outer_div w3_wprs-row-padding\">\r\n\t\t\t\t<div class=\"wptripadvisor_t1_DIV_1 w3_wprs-col l12\">\r\n\t\t\t<div class=\"wptripadvisor_t1_DIV_2 wprev_preview_bg1_T1 wprev_preview_bradius_T1\">\r\n\t\t\t\t<p class=\"wptripadvisor_t1_P_3 wprev_preview_tcolor1_T1\">\r\n\t\t\t\t\t<span class=\"wptripadvisor_star_imgs_T1\"><img decoding=\"async\" src=\"https:\/\/costaparadisoresort.com\/wp-content\/plugins\/wp-tripadvisor-review-slider\/public\/partials\/imgs\/tripadvisor_stars_5.png\" alt=\"star rating\" class=\"wptripadvisor_t1_star_img_file\">&nbsp;&nbsp;<\/span>Vivere una Sardegna incontaminata come si faceva anni fa, in un posto dal panorama mozzafiato, dai colori che ti conciliano con il mondo, con spiagge nelle vicinanze dalla impareggiabile bellezza<a class='wprs_rd_more'>... read more<\/a><span class='wprs_rd_more_text' style='display:none;'> \u00e8 possibile in Costa Paradiso... ma \u00e8 nulla rispetto alla magnifica accoglienza ed alle splendide accomodations di Costaparadisoresort!!! Villette e suites con piscina avvolte da un tramonto dalla penetrante bellezza!<br \/>\r\nStaff sempre disponibile per ogni tipo di servizio e\/o richiesta, pulizia di casa e piscina super top!<br \/>\r\nCortesia, educazione e buon umore le parole d'ordine !!!<br \/>\r\nGi\u00e0 ci manca ... torneremo sicuramente!!!<\/span>\t\t\t\t<\/p>\r\n\t\t\t\t\t\t\t\t<a href=\"https:\/\/www.tripadvisor.it\/Hotel_Review-g635629-d2144350-Reviews-Costa_Paradiso_Resort-Costa_Paradiso_Trinita_d_Agultu_e_Vignola_Province_of_Olbia_Temp.html\" target=\"_blank\" rel=\"nofollow\"><img decoding=\"async\" src=\"https:\/\/costaparadisoresort.com\/wp-content\/plugins\/wp-tripadvisor-review-slider\/public\/partials\/imgs\/tripadvisor_outline.png\" alt=\"tripadvisor logo\" class=\"wptripadvisor_t1_tripadvisor_logo\"><\/a>\t\t\t<\/div><span class=\"wptripadvisor_t1_A_8\"><\/span> <span class=\"wptripadvisor_t1_SPAN_5 wprev_preview_tcolor2_T1\">fabio d<br\/><span class=\"wprev_showdate_T1\">ao\u00fbt 23, 2023<\/span> <\/span>\r\n\t\t<\/div>\r\n\t\t<\/div>\r\n\t\t<div class=\"wptripadvisor_t1_outer_div w3_wprs-row-padding\">\r\n\t\t\t\t<div class=\"wptripadvisor_t1_DIV_1 w3_wprs-col l12\">\r\n\t\t\t<div class=\"wptripadvisor_t1_DIV_2 wprev_preview_bg1_T1 wprev_preview_bradius_T1\">\r\n\t\t\t\t<p class=\"wptripadvisor_t1_P_3 wprev_preview_tcolor1_T1\">\r\n\t\t\t\t\t<span class=\"wptripadvisor_star_imgs_T1\"><img decoding=\"async\" src=\"https:\/\/costaparadisoresort.com\/wp-content\/plugins\/wp-tripadvisor-review-slider\/public\/partials\/imgs\/tripadvisor_stars_5.png\" alt=\"star rating\" class=\"wptripadvisor_t1_star_img_file\">&nbsp;&nbsp;<\/span>Esperienza bellissima posto stupendo personale veramente qualificato e disponibile per ogni esigenza casa stupenda vista mare posto tranquillo per passare del vero relax con la famiglia sagy persona professionale e<a class='wprs_rd_more'>... read more<\/a><span class='wprs_rd_more_text' style='display:none;'> disponibilissimo Esperienza da rispettere senza dubbii<\/span>\t\t\t\t<\/p>\r\n\t\t\t\t\t\t\t\t<a href=\"https:\/\/www.tripadvisor.it\/Hotel_Review-g635629-d2144350-Reviews-Costa_Paradiso_Resort-Costa_Paradiso_Trinita_d_Agultu_e_Vignola_Province_of_Olbia_Temp.html\" target=\"_blank\" rel=\"nofollow\"><img decoding=\"async\" src=\"https:\/\/costaparadisoresort.com\/wp-content\/plugins\/wp-tripadvisor-review-slider\/public\/partials\/imgs\/tripadvisor_outline.png\" alt=\"tripadvisor logo\" class=\"wptripadvisor_t1_tripadvisor_logo\"><\/a>\t\t\t<\/div><span class=\"wptripadvisor_t1_A_8\"><\/span> <span class=\"wptripadvisor_t1_SPAN_5 wprev_preview_tcolor2_T1\">matteobT5008BR<br\/><span class=\"wprev_showdate_T1\">ao\u00fbt 17, 2023<\/span> <\/span>\r\n\t\t<\/div>\r\n\t\t<\/div>\r\n<!-- This file should primarily consist of HTML with a little bit of PHP. -->\r\n<\/div>\r\n<\/div>\n\t\t\t\t\t\t<\/div>\n\t\t\t\t<\/div>\n\t\t\t\t\t<\/div>\n\t\t<\/div>\n\t\t\t\t\t<\/div>\n\t\t<\/section>\n\t\t\t\t<\/div>\n\t\t","protected":false},"excerpt":{"rendered":"<p>\u00ab\u00a0Prendre soin de vous est notre mission\u00a0\u00bb Le littoral le plus exceptionnel de la Sardaigne vous attend au Costa Paradiso Resort, que vous choisirez pour des vacances \u00e0 la mer oscillant entre le charme d&rsquo;une nature pr\u00e9serv\u00e9e et celui des criques silencieuses, baign\u00e9es d&rsquo;eaux transparentes et cadres de couchers de soleil saisissants. Dans un d\u00e9cor [&#8230;]<\/p>\n<p><a class=\"btn btn-secondary understrap-read-more-link\" href=\"https:\/\/costaparadisoresort.com\/fr\/social\/\">Read More&#8230;<\/a><\/p>\n","protected":false},"author":1,"featured_media":0,"parent":0,"menu_order":0,"comment_status":"closed","ping_status":"closed","template":"elementor_header_footer","meta":{"footnotes":""},"class_list":["post-503","page","type-page","status-publish","hentry"],"_links":{"self":[{"href":"https:\/\/costaparadisoresort.com\/fr\/wp-json\/wp\/v2\/pages\/503","targetHints":{"allow":["GET"]}}],"collection":[{"href":"https:\/\/costaparadisoresort.com\/fr\/wp-json\/wp\/v2\/pages"}],"about":[{"href":"https:\/\/costaparadisoresort.com\/fr\/wp-json\/wp\/v2\/types\/page"}],"author":[{"embeddable":true,"href":"https:\/\/costaparadisoresort.com\/fr\/wp-json\/wp\/v2\/users\/1"}],"replies":[{"embeddable":true,"href":"https:\/\/costaparadisoresort.com\/fr\/wp-json\/wp\/v2\/comments?post=503"}],"version-history":[{"count":1,"href":"https:\/\/costaparadisoresort.com\/fr\/wp-json\/wp\/v2\/pages\/503\/revisions"}],"predecessor-version":[{"id":504,"href":"https:\/\/costaparadisoresort.com\/fr\/wp-json\/wp\/v2\/pages\/503\/revisions\/504"}],"wp:attachment":[{"href":"https:\/\/costaparadisoresort.com\/fr\/wp-json\/wp\/v2\/media?parent=503"}],"curies":[{"name":"wp","href":"https:\/\/api.w.org\/{rel}","templated":true}]}}