{"id":495,"date":"2019-12-27T10:09:52","date_gmt":"2019-12-27T10:09:52","guid":{"rendered":"https:\/\/costaparadisoresort.com\/?page_id=495"},"modified":"2019-12-27T10:09:53","modified_gmt":"2019-12-27T10:09:53","slug":"services","status":"publish","type":"page","link":"https:\/\/costaparadisoresort.com\/fr\/services\/","title":{"rendered":"Services"},"content":{"rendered":"\t\t<div data-elementor-type=\"wp-page\" data-elementor-id=\"495\" class=\"elementor elementor-495 elementor-121\">\n\t\t\t\t\t\t<section class=\"elementor-section elementor-top-section elementor-element elementor-element-f3dcc15 elementor-section-boxed elementor-section-height-default elementor-section-height-default\" data-id=\"f3dcc15\" data-element_type=\"section\">\n\t\t\t\t\t\t<div class=\"elementor-container elementor-column-gap-default\">\n\t\t\t\t\t<div class=\"elementor-column elementor-col-100 elementor-top-column elementor-element elementor-element-2949ecd\" data-id=\"2949ecd\" data-element_type=\"column\">\n\t\t\t<div class=\"elementor-widget-wrap elementor-element-populated\">\n\t\t\t\t\t\t<div class=\"elementor-element elementor-element-8df4e8a elementor-widget elementor-widget-heading\" data-id=\"8df4e8a\" data-element_type=\"widget\" data-widget_type=\"heading.default\">\n\t\t\t\t<div class=\"elementor-widget-container\">\n\t\t\t\t\t<div class=\"elementor-heading-title elementor-size-default\">Description et Services<\/div>\t\t\t\t<\/div>\n\t\t\t\t<\/div>\n\t\t\t\t\t<\/div>\n\t\t<\/div>\n\t\t\t\t\t<\/div>\n\t\t<\/section>\n\t\t\t\t<section class=\"elementor-section elementor-top-section elementor-element elementor-element-e7bec30 elementor-section-boxed elementor-section-height-default elementor-section-height-default\" data-id=\"e7bec30\" data-element_type=\"section\">\n\t\t\t\t\t\t<div class=\"elementor-container elementor-column-gap-default\">\n\t\t\t\t\t<div class=\"elementor-column elementor-col-100 elementor-top-column elementor-element elementor-element-2a4d59c\" data-id=\"2a4d59c\" data-element_type=\"column\">\n\t\t\t<div class=\"elementor-widget-wrap elementor-element-populated\">\n\t\t\t\t\t\t<div class=\"elementor-element elementor-element-0b45664 elementor-widget elementor-widget-image\" data-id=\"0b45664\" data-element_type=\"widget\" data-widget_type=\"image.default\">\n\t\t\t\t<div class=\"elementor-widget-container\">\n\t\t\t\t\t\t\t\t\t\t\t\t\t\t\t<img fetchpriority=\"high\" decoding=\"async\" width=\"1181\" height=\"885\" src=\"https:\/\/costaparadisoresort.com\/wp-content\/uploads\/2019\/12\/servizi.jpg\" class=\"attachment-full size-full wp-image-378\" alt=\"services\" srcset=\"https:\/\/costaparadisoresort.com\/wp-content\/uploads\/2019\/12\/servizi.jpg 1181w, https:\/\/costaparadisoresort.com\/wp-content\/uploads\/2019\/12\/servizi-300x225.jpg 300w, https:\/\/costaparadisoresort.com\/wp-content\/uploads\/2019\/12\/servizi-1024x767.jpg 1024w, https:\/\/costaparadisoresort.com\/wp-content\/uploads\/2019\/12\/servizi-768x576.jpg 768w\" sizes=\"(max-width: 1181px) 100vw, 1181px\" \/>\t\t\t\t\t\t\t\t\t\t\t\t\t\t\t<\/div>\n\t\t\t\t<\/div>\n\t\t\t\t<div class=\"elementor-element elementor-element-0839e2a elementor-widget elementor-widget-text-editor\" data-id=\"0839e2a\" data-element_type=\"widget\" data-widget_type=\"text-editor.default\">\n\t\t\t\t<div class=\"elementor-widget-container\">\n\t\t\t\t\t\t\t\t\t<p><strong>Vivre la mer<\/strong><br \/>\nSes eaux transparentes sont l\u00e9gendaires et ses fonds sous-marins en font un lieu recherch\u00e9 par tous les passionn\u00e9s de plong\u00e9e. La mer qui baigne la Sardaigne met en valeur son littoral rocheux et le maquis m\u00e9diterran\u00e9en. Gr\u00e2ce \u00e0 elle, cette r\u00e9gion est un v\u00e9ritable petit coin de paradis. Elle accentue le caract\u00e8re pittoresque de chaque excursion et procure des \u00e9motions face au coucher du soleil qui en r\u00e9v\u00e8le les nuances magiques.<\/p>\n<p><strong>Les plages<\/strong><br \/>\nEn choisissant de passer ses vacances au Costa Paradiso, on choisit de profiter de la mer et du soleil dans l&rsquo;un des lieux les plus enchanteurs de la Sardaigne, id\u00e9al pour passer des journ\u00e9es \u00e0 se reposer en restant allong\u00e9s sur le sable et \u00e0 se d\u00e9tendre au bord d&rsquo;une mer transparente et spectaculaire.<br \/>\nAu Costa Paradiso, vous trouverez la plage de Cala Li Cossi, accessible apr\u00e8s une tr\u00e8s agr\u00e9able promenade \u00e0 pied de10 minutes au d\u00e9part du parking du petit port. Sinon, en sortant du complexe, vous trouverez un vaste choix de plages magnifiques que vous pouvez rejoindre en voiture en 20 \u00e0 40 minutes.<\/p>\n<p><strong>Les calanques<\/strong><br \/>\nC&rsquo;est la v\u00e9ritable originalit\u00e9 de Costa Paradiso. De petites criques, toutes diff\u00e9rentes, qui cr\u00e9ent une v\u00e9ritable piscine d&rsquo;eau transparente et prot\u00e9g\u00e9e. Elles ne sont accessibles que par la mer en louant un petit canot pneumatique ou en prenant l&rsquo;un des bateaux plus grands assurant leur liaison.<br \/>\nNombreuses et r\u00e9parties le long d&rsquo;un littoral de 8 kilom\u00e8tres, allant de Punta Cruzitta \u00e0 Monte Tinnari, les calanques vous attendent chaque matin pour vous offrir tout le charme d&rsquo;une nouvelle d\u00e9couverte et la possibilit\u00e9 de plonger dans des eaux claires en admirant les extraordinaires fonds marins.<\/p>\n<p><strong>Les services du Costa Paradiso<\/strong><br \/>\nL&rsquo;intimit\u00e9 et la d\u00e9tente pour vos vacances \u00e0 la mer. C&rsquo;est ce que vous trouverez en choisissant l&rsquo;une des villas \u00e0 louer du Costa Paradiso, une v\u00e9ritable r\u00e9serve priv\u00e9e qui se trouve dans l&rsquo;une des r\u00e9gions les plus charmantes et spectaculaires de la Sardaigne.<br \/>\nAu Costa Paradiso, vous appr\u00e9cierez la sympathie d&rsquo;un personnel qui saura vous conseiller les plus belles plages, r\u00e9server des excursions et vous sugg\u00e9rer des activit\u00e9s de loisirs pour organiser vos journ\u00e9es.<br \/>\nLe Costa Paradiso vous propose par ailleurs de nombreux services : sup\u00e9rette, discoth\u00e8que, salle de sport (baby-foot, tennis et piscine), parking tr\u00e8s pratique pour ceux qui viennent en voiture et centre de plong\u00e9e afin de d\u00e9couvrir les merveilleux fonds marins de Costa Paradiso. Un service de m\u00e9decin de garde et de surveillance nocturne compl\u00e8te cette gamme \u00e9tendue de services afin de garantir votre s\u00e9r\u00e9nit\u00e9 et votre tranquillit\u00e9.<\/p>\n<p><strong>Services<\/strong><br \/>\nR\u00e9ception ouverte 24 heures sur 24<br \/>\nSup\u00e9rette<br \/>\nBar<br \/>\nRestaurant<br \/>\nPiscine<br \/>\nR\u00e9servation d&rsquo;excursions<br \/>\nInformations touristiques<br \/>\nParking int\u00e9rieur<br \/>\nService de secours<\/p>\n<p><strong>Loisirs<\/strong><br \/>\nCentre de plong\u00e9e \/ Location de canots pneumatiques<br \/>\nSalle de sport<\/p>\n\t\t\t\t\t\t\t\t<\/div>\n\t\t\t\t<\/div>\n\t\t\t\t\t<\/div>\n\t\t<\/div>\n\t\t\t\t\t<\/div>\n\t\t<\/section>\n\t\t\t\t<section class=\"elementor-section elementor-top-section elementor-element elementor-element-2c60278 elementor-section-boxed elementor-section-height-default elementor-section-height-default\" data-id=\"2c60278\" data-element_type=\"section\">\n\t\t\t\t\t\t<div class=\"elementor-container elementor-column-gap-default\">\n\t\t\t\t\t<div class=\"elementor-column elementor-col-100 elementor-top-column elementor-element elementor-element-9a93514\" data-id=\"9a93514\" data-element_type=\"column\">\n\t\t\t<div class=\"elementor-widget-wrap elementor-element-populated\">\n\t\t\t\t\t\t<div class=\"elementor-element elementor-element-eef7a6b elementor-widget elementor-widget-heading\" data-id=\"eef7a6b\" data-element_type=\"widget\" data-widget_type=\"heading.default\">\n\t\t\t\t<div class=\"elementor-widget-container\">\n\t\t\t\t\t<div class=\"elementor-heading-title elementor-size-default\">Suivez nous sur Facebook:<\/div>\t\t\t\t<\/div>\n\t\t\t\t<\/div>\n\t\t\t\t\t<\/div>\n\t\t<\/div>\n\t\t\t\t\t<\/div>\n\t\t<\/section>\n\t\t\t\t<section class=\"elementor-section elementor-top-section elementor-element elementor-element-7af1079 elementor-section-boxed elementor-section-height-default elementor-section-height-default\" data-id=\"7af1079\" data-element_type=\"section\">\n\t\t\t\t\t\t<div class=\"elementor-container elementor-column-gap-default\">\n\t\t\t\t\t<div class=\"elementor-column elementor-col-100 elementor-top-column elementor-element elementor-element-d23b0c1\" data-id=\"d23b0c1\" data-element_type=\"column\">\n\t\t\t<div class=\"elementor-widget-wrap elementor-element-populated\">\n\t\t\t\t\t\t<section class=\"elementor-section elementor-inner-section elementor-element elementor-element-f7a2c4b elementor-section-boxed elementor-section-height-default elementor-section-height-default\" data-id=\"f7a2c4b\" data-element_type=\"section\">\n\t\t\t\t\t\t<div class=\"elementor-container elementor-column-gap-default\">\n\t\t\t\t\t<div class=\"elementor-column elementor-col-50 elementor-inner-column elementor-element elementor-element-e0bc88d\" data-id=\"e0bc88d\" data-element_type=\"column\">\n\t\t\t<div class=\"elementor-widget-wrap elementor-element-populated\">\n\t\t\t\t\t\t<div class=\"elementor-element elementor-element-87b9078 elementor-widget elementor-widget-heading\" data-id=\"87b9078\" data-element_type=\"widget\" data-widget_type=\"heading.default\">\n\t\t\t\t<div class=\"elementor-widget-container\">\n\t\t\t\t\t<div class=\"elementor-heading-title elementor-size-default\">Collection Piglet - \"La diff\u00e9rence est visible\"<\/div>\t\t\t\t<\/div>\n\t\t\t\t<\/div>\n\t\t\t\t<div class=\"elementor-element elementor-element-9e1616b elementor-widget elementor-widget-text-editor\" data-id=\"9e1616b\" data-element_type=\"widget\" data-widget_type=\"text-editor.default\">\n\t\t\t\t<div class=\"elementor-widget-container\">\n\t\t\t\t\t\t\t\t\t<p>La couverture d&rsquo;un 33 tours: \u00e0 l&rsquo;int\u00e9rieur, non pas un vinyle, mais un polo collector 100% made in Italy.<br \/>\nPiglet signifie \u00ab\u00a0marcassin\u00a0\u00bb, il s&rsquo;agit de notre mascotte qui r\u00e8gne sur la r\u00e9gion de Costa Paradiso et dont s&rsquo;inspire la marque. Une collection limit\u00e9e de polos et T-shirt pour homme, fabriqu\u00e9e avec les cotons de la meilleure qualit\u00e9 en soignant les d\u00e9tails, le style et la coupe dont le contact avec la peau est un vrai plaisir. Un v\u00e9ritable tr\u00e9sor pour les amoureux de la qualit\u00e9 made in Italy.<\/p>\n\t\t\t\t\t\t\t\t<\/div>\n\t\t\t\t<\/div>\n\t\t\t\t<div class=\"elementor-element elementor-element-a20478e elementor-widget elementor-widget-text-editor\" data-id=\"a20478e\" data-element_type=\"widget\" data-widget_type=\"text-editor.default\">\n\t\t\t\t<div class=\"elementor-widget-container\">\n\t\t\t\t\t\t\t\t\t<p><span style=\"color: #333333;\"><a style=\"color: #333333;\" href=\"http:\/\/www.piglet.it\/\">Visita il nostro sito<\/a><\/span><\/p>\n\t\t\t\t\t\t\t\t<\/div>\n\t\t\t\t<\/div>\n\t\t\t\t\t<\/div>\n\t\t<\/div>\n\t\t\t\t<div class=\"elementor-column elementor-col-50 elementor-inner-column elementor-element elementor-element-2654346\" data-id=\"2654346\" data-element_type=\"column\">\n\t\t\t<div class=\"elementor-widget-wrap elementor-element-populated\">\n\t\t\t\t\t\t<div class=\"elementor-element elementor-element-77eda1a elementor-widget elementor-widget-image\" data-id=\"77eda1a\" data-element_type=\"widget\" data-widget_type=\"image.default\">\n\t\t\t\t<div class=\"elementor-widget-container\">\n\t\t\t\t\t\t\t\t\t\t\t\t\t\t\t<img decoding=\"async\" width=\"500\" height=\"700\" src=\"https:\/\/costaparadisoresort.com\/wp-content\/uploads\/2019\/12\/vert-1-2.jpg\" class=\"attachment-large size-large wp-image-382\" alt=\"\" srcset=\"https:\/\/costaparadisoresort.com\/wp-content\/uploads\/2019\/12\/vert-1-2.jpg 500w, https:\/\/costaparadisoresort.com\/wp-content\/uploads\/2019\/12\/vert-1-2-214x300.jpg 214w\" sizes=\"(max-width: 500px) 100vw, 500px\" \/>\t\t\t\t\t\t\t\t\t\t\t\t\t\t\t<\/div>\n\t\t\t\t<\/div>\n\t\t\t\t\t<\/div>\n\t\t<\/div>\n\t\t\t\t\t<\/div>\n\t\t<\/section>\n\t\t\t\t\t<\/div>\n\t\t<\/div>\n\t\t\t\t\t<\/div>\n\t\t<\/section>\n\t\t\t\t<\/div>\n\t\t","protected":false},"excerpt":{"rendered":"<p>Description et Services Vivre la mer Ses eaux transparentes sont l\u00e9gendaires et ses fonds sous-marins en font un lieu recherch\u00e9 par tous les passionn\u00e9s de plong\u00e9e. La mer qui baigne la Sardaigne met en valeur son littoral rocheux et le maquis m\u00e9diterran\u00e9en. Gr\u00e2ce \u00e0 elle, cette r\u00e9gion est un v\u00e9ritable petit coin de paradis. Elle [&#8230;]<\/p>\n<p><a class=\"btn btn-secondary understrap-read-more-link\" href=\"https:\/\/costaparadisoresort.com\/fr\/services\/\">Read More&#8230;<\/a><\/p>\n","protected":false},"author":1,"featured_media":0,"parent":0,"menu_order":0,"comment_status":"closed","ping_status":"closed","template":"elementor_header_footer","meta":{"footnotes":""},"class_list":["post-495","page","type-page","status-publish","hentry"],"_links":{"self":[{"href":"https:\/\/costaparadisoresort.com\/fr\/wp-json\/wp\/v2\/pages\/495","targetHints":{"allow":["GET"]}}],"collection":[{"href":"https:\/\/costaparadisoresort.com\/fr\/wp-json\/wp\/v2\/pages"}],"about":[{"href":"https:\/\/costaparadisoresort.com\/fr\/wp-json\/wp\/v2\/types\/page"}],"author":[{"embeddable":true,"href":"https:\/\/costaparadisoresort.com\/fr\/wp-json\/wp\/v2\/users\/1"}],"replies":[{"embeddable":true,"href":"https:\/\/costaparadisoresort.com\/fr\/wp-json\/wp\/v2\/comments?post=495"}],"version-history":[{"count":1,"href":"https:\/\/costaparadisoresort.com\/fr\/wp-json\/wp\/v2\/pages\/495\/revisions"}],"predecessor-version":[{"id":496,"href":"https:\/\/costaparadisoresort.com\/fr\/wp-json\/wp\/v2\/pages\/495\/revisions\/496"}],"wp:attachment":[{"href":"https:\/\/costaparadisoresort.com\/fr\/wp-json\/wp\/v2\/media?parent=495"}],"curies":[{"name":"wp","href":"https:\/\/api.w.org\/{rel}","templated":true}]}}