{"id":466,"date":"2019-12-27T08:57:34","date_gmt":"2019-12-27T08:57:34","guid":{"rendered":"https:\/\/costaparadisoresort.com\/?page_id=466"},"modified":"2021-08-23T09:50:13","modified_gmt":"2021-08-23T09:50:13","slug":"home-page","status":"publish","type":"page","link":"https:\/\/costaparadisoresort.com\/fr\/","title":{"rendered":"home page"},"content":{"rendered":"\t\t<div data-elementor-type=\"wp-page\" data-elementor-id=\"466\" class=\"elementor elementor-466 elementor-14\">\n\t\t\t\t\t\t<section class=\"elementor-section elementor-top-section elementor-element elementor-element-087ee7b elementor-section-boxed elementor-section-height-default elementor-section-height-default\" data-id=\"087ee7b\" data-element_type=\"section\">\n\t\t\t\t\t\t<div class=\"elementor-container elementor-column-gap-default\">\n\t\t\t\t\t<div class=\"elementor-column elementor-col-100 elementor-top-column elementor-element elementor-element-5314486\" data-id=\"5314486\" data-element_type=\"column\">\n\t\t\t<div class=\"elementor-widget-wrap\">\n\t\t\t\t\t\t\t<\/div>\n\t\t<\/div>\n\t\t\t\t\t<\/div>\n\t\t<\/section>\n\t\t\t\t<section class=\"elementor-section elementor-top-section elementor-element elementor-element-3b68b1c elementor-section-height-min-height elementor-section-boxed elementor-section-height-default elementor-section-items-middle\" data-id=\"3b68b1c\" data-element_type=\"section\" data-settings=\"{&quot;background_background&quot;:&quot;classic&quot;}\">\n\t\t\t\t\t\t<div class=\"elementor-container elementor-column-gap-default\">\n\t\t\t\t\t<div class=\"elementor-column elementor-col-100 elementor-top-column elementor-element elementor-element-555f1fa elementor-hidden-phone elementor-hidden-tablet\" data-id=\"555f1fa\" data-element_type=\"column\" data-settings=\"{&quot;background_background&quot;:&quot;classic&quot;}\">\n\t\t\t<div class=\"elementor-widget-wrap elementor-element-populated\">\n\t\t\t\t\t\t<div class=\"elementor-element elementor-element-758e113 elementor-hidden-desktop elementor-widget elementor-widget-spacer\" data-id=\"758e113\" data-element_type=\"widget\" data-widget_type=\"spacer.default\">\n\t\t\t\t<div class=\"elementor-widget-container\">\n\t\t\t\t\t\t\t<div class=\"elementor-spacer\">\n\t\t\t<div class=\"elementor-spacer-inner\"><\/div>\n\t\t<\/div>\n\t\t\t\t\t\t<\/div>\n\t\t\t\t<\/div>\n\t\t\t\t<div class=\"elementor-element elementor-element-9202480 elementor-widget elementor-widget-spacer\" data-id=\"9202480\" data-element_type=\"widget\" data-widget_type=\"spacer.default\">\n\t\t\t\t<div class=\"elementor-widget-container\">\n\t\t\t\t\t\t\t<div class=\"elementor-spacer\">\n\t\t\t<div class=\"elementor-spacer-inner\"><\/div>\n\t\t<\/div>\n\t\t\t\t\t\t<\/div>\n\t\t\t\t<\/div>\n\t\t\t\t<div class=\"elementor-element elementor-element-5838a2f elementor-widget elementor-widget-heading\" data-id=\"5838a2f\" data-element_type=\"widget\" data-widget_type=\"heading.default\">\n\t\t\t\t<div class=\"elementor-widget-container\">\n\t\t\t\t\t<h2 class=\"elementor-heading-title elementor-size-default\">Bienvenue au paradis<\/h2>\t\t\t\t<\/div>\n\t\t\t\t<\/div>\n\t\t\t\t<div class=\"elementor-element elementor-element-5feb0d5 elementor-widget elementor-widget-text-editor\" data-id=\"5feb0d5\" data-element_type=\"widget\" data-widget_type=\"text-editor.default\">\n\t\t\t\t<div class=\"elementor-widget-container\">\n\t\t\t\t\t\t\t\t\t<p style=\"text-align: center;\">Le littoral le plus exceptionnel de la Sardaigne vous attend au Costa Paradiso Resort, que vous choisirez pour des vacances \u00e0 la mer oscillant entre le charme d&rsquo;une nature pr\u00e9serv\u00e9e et celui des criques silencieuses, baign\u00e9es d&rsquo;eaux transparentes et cadres de couchers de soleil saisissants.<br \/>\nDans un d\u00e9cor de r\u00eave, entre Porto Torres et Santa Teresa di Gallura, o\u00f9 le c\u0153ur de la Sardaigne la plus romantique se d\u00e9voile, vous b\u00e9n\u00e9ficierez de tout le confort moderne des villas de vacances du Costa Paradiso Resort, des espaces accueillants et soign\u00e9s dans le moindre d\u00e9tail, avec jardin priv\u00e9.<br \/>\nCosta Paradiso est l&rsquo;un des lieux les plus fascinants de la Sardaigne. Connu dans le monde entier pour sa mer et ses piscines naturelles, dessin\u00e9es par des roches sculpt\u00e9es par les vents, voici un paradis baln\u00e9aire entour\u00e9 du maquis m\u00e9diterran\u00e9en qui vous laissera pantois.<\/p>\n\t\t\t\t\t\t\t\t<\/div>\n\t\t\t\t<\/div>\n\t\t\t\t\t<\/div>\n\t\t<\/div>\n\t\t\t\t\t<\/div>\n\t\t<\/section>\n\t\t\t\t<section class=\"elementor-section elementor-top-section elementor-element elementor-element-0653a1f elementor-section-height-min-height elementor-hidden-tablet elementor-hidden-phone elementor-section-boxed elementor-section-height-default elementor-section-items-middle\" data-id=\"0653a1f\" data-element_type=\"section\" data-settings=\"{&quot;background_background&quot;:&quot;classic&quot;}\">\n\t\t\t\t\t\t<div class=\"elementor-container elementor-column-gap-default\">\n\t\t\t\t\t<div class=\"elementor-column elementor-col-100 elementor-top-column elementor-element elementor-element-702dc36\" data-id=\"702dc36\" data-element_type=\"column\" data-settings=\"{&quot;background_background&quot;:&quot;classic&quot;}\">\n\t\t\t<div class=\"elementor-widget-wrap elementor-element-populated\">\n\t\t\t\t\t\t<div class=\"elementor-element elementor-element-1d8a0e9 elementor-widget elementor-widget-heading\" data-id=\"1d8a0e9\" data-element_type=\"widget\" data-widget_type=\"heading.default\">\n\t\t\t\t<div class=\"elementor-widget-container\">\n\t\t\t\t\t<h2 class=\"elementor-heading-title elementor-size-default\">FAITES CONFIANCE AU PETIT SANGLIER!<\/h2>\t\t\t\t<\/div>\n\t\t\t\t<\/div>\n\t\t\t\t<div class=\"elementor-element elementor-element-957cf30 elementor-widget elementor-widget-image\" data-id=\"957cf30\" data-element_type=\"widget\" data-widget_type=\"image.default\">\n\t\t\t\t<div class=\"elementor-widget-container\">\n\t\t\t\t\t\t\t\t\t\t\t\t\t\t\t<img fetchpriority=\"high\" decoding=\"async\" width=\"640\" height=\"122\" src=\"https:\/\/costaparadisoresort.com\/wp-content\/uploads\/2019\/12\/satisfaction_guaranteed-1024x195.png\" class=\"attachment-large size-large wp-image-342\" alt=\"satisfaction_guaranteed\" srcset=\"https:\/\/costaparadisoresort.com\/wp-content\/uploads\/2019\/12\/satisfaction_guaranteed-1024x195.png 1024w, https:\/\/costaparadisoresort.com\/wp-content\/uploads\/2019\/12\/satisfaction_guaranteed-300x57.png 300w, https:\/\/costaparadisoresort.com\/wp-content\/uploads\/2019\/12\/satisfaction_guaranteed-768x146.png 768w, https:\/\/costaparadisoresort.com\/wp-content\/uploads\/2019\/12\/satisfaction_guaranteed-1536x292.png 1536w, https:\/\/costaparadisoresort.com\/wp-content\/uploads\/2019\/12\/satisfaction_guaranteed-2048x390.png 2048w, https:\/\/costaparadisoresort.com\/wp-content\/uploads\/2019\/12\/satisfaction_guaranteed-1200x228.png 1200w, https:\/\/costaparadisoresort.com\/wp-content\/uploads\/2019\/12\/satisfaction_guaranteed-1980x377.png 1980w\" sizes=\"(max-width: 640px) 100vw, 640px\" \/>\t\t\t\t\t\t\t\t\t\t\t\t\t\t\t<\/div>\n\t\t\t\t<\/div>\n\t\t\t\t<div class=\"elementor-element elementor-element-da13d76 elementor-widget elementor-widget-text-editor\" data-id=\"da13d76\" data-element_type=\"widget\" data-widget_type=\"text-editor.default\">\n\t\t\t\t<div class=\"elementor-widget-container\">\n\t\t\t\t\t\t\t\t\t<p style=\"text-align: center;\">Vous pouvez faire confiance au Costa Paradiso Resort. Nous garantissons des prestations de qualit\u00e9 dans nos villas et petites maisons gr\u00e2ce \u00e0 un syst\u00e8me rigoureux de classification, pour vous offrir des vacances de r\u00eave, sans mauvaises surprises.<br \/>\nChez nous, vous achetez exactement ce que vous voyez en ligne, vous b\u00e9n\u00e9ficiez d&rsquo;une assistance qualifi\u00e9e pour vos vacances d\u00e8s le choix de la maison et vous pouvez effectuer vos paiements en toute s\u00e9curit\u00e9.<br \/>\nTransparence, fiabilit\u00e9 et professionnalisme sont nos valeurs, votre satisfaction est notre objectif.<\/p>\n\t\t\t\t\t\t\t\t<\/div>\n\t\t\t\t<\/div>\n\t\t\t\t\t<\/div>\n\t\t<\/div>\n\t\t\t\t\t<\/div>\n\t\t<\/section>\n\t\t\t\t<section class=\"elementor-section elementor-top-section elementor-element elementor-element-be4ce7f elementor-hidden-desktop elementor-section-boxed elementor-section-height-default elementor-section-height-default\" data-id=\"be4ce7f\" data-element_type=\"section\">\n\t\t\t\t\t\t<div class=\"elementor-container elementor-column-gap-default\">\n\t\t\t\t\t<div class=\"elementor-column elementor-col-100 elementor-top-column elementor-element elementor-element-419c1ac\" data-id=\"419c1ac\" data-element_type=\"column\">\n\t\t\t<div class=\"elementor-widget-wrap elementor-element-populated\">\n\t\t\t\t\t\t<div class=\"elementor-element elementor-element-849fab8 elementor-widget elementor-widget-heading\" data-id=\"849fab8\" data-element_type=\"widget\" data-widget_type=\"heading.default\">\n\t\t\t\t<div class=\"elementor-widget-container\">\n\t\t\t\t\t<h2 class=\"elementor-heading-title elementor-size-default\">Ville<\/h2>\t\t\t\t<\/div>\n\t\t\t\t<\/div>\n\t\t\t\t\t<\/div>\n\t\t<\/div>\n\t\t\t\t\t<\/div>\n\t\t<\/section>\n\t\t\t\t<section class=\"elementor-section elementor-top-section elementor-element elementor-element-bb316e2 elementor-section-boxed elementor-section-height-default elementor-section-height-default\" data-id=\"bb316e2\" data-element_type=\"section\">\n\t\t\t\t\t\t<div class=\"elementor-container elementor-column-gap-default\">\n\t\t\t\t\t<div class=\"elementor-column elementor-col-100 elementor-top-column elementor-element elementor-element-31ff6bc\" data-id=\"31ff6bc\" data-element_type=\"column\">\n\t\t\t<div class=\"elementor-widget-wrap elementor-element-populated\">\n\t\t\t\t\t\t<div class=\"elementor-element elementor-element-2fa5414 elementor-widget elementor-widget-shortcode\" data-id=\"2fa5414\" data-element_type=\"widget\" data-widget_type=\"shortcode.default\">\n\t\t\t\t<div class=\"elementor-widget-container\">\n\t\t\t\t\t\t\t<div class=\"elementor-shortcode\"> \t<div class=\"container\">\n\t\t<div class=\"row\" id=\"kross-grid-container\">\n\t\t\t\t\t\t\t\t<div class=\"box-style room col-lg-4 col-md-4 mb-5\">\n\t\t\t\t\t\t<figure class=\"parent mb-3 box\">\n\t\t\t\t\t\t\t<a href=\"https:\/\/costaparadisoresort.kross.travel\/first-row\/suite-cristallo?lang=en\" class=\"underl\">\n\t\t\t\t\t\t\t\t<img decoding=\"async\" src=\"https:\/\/cdn.krossbooking.com\/costaparadisoresort\/images\/3\/7\/1573550368543.jpg\" class=\"img-fluid\" alt=\"Suite Cristallo\">\n\t\t\t\t\t\t\t\t<div class=\"overlay-city text-decoration-none \">\n\t\t\t\t\t\t\t\t\t<div class=\"cnt-details\">\n\t\t\t\t\t\t\t\t\t\t<h4 class=\"title-city pt-4 pb-4\">Suite Cristallo<\/h4>\n\t\t\t\t\t\t\t\t\t\t<div class=\"price-cnt \">\n\t\t\t\t\t\t\t\t\t\t\t<span class=\"price-text \"> \u00c0 partir de<\/span>\n\t\t\t\t\t\t\t\t\t\t\t<span class=\"price-apt \">\u20ac 180 <\/span>\n\t\t\t\t\t\t\t\t\t\t\t<span class=\"price-text \">  per night<\/span>\n\t\t\t\t\t\t\t\t\t\t<\/div>\n\t\t\t\t\t\t\t\t\t<\/div>\n\t\t\t\t\t\t\t\t<\/div>\n\t\t\t\t\t\t\t<\/a>\n\t\t\t\t\t\t<\/figure>\n\t\t\t\t\t<\/div>\n\t\t\t\t\t\t\t\t<div class=\"box-style room col-lg-4 col-md-4 mb-5\">\n\t\t\t\t\t\t<figure class=\"parent mb-3 box\">\n\t\t\t\t\t\t\t<a href=\"https:\/\/costaparadisoresort.kross.travel\/villa-letizia?lang=en\" class=\"underl\">\n\t\t\t\t\t\t\t\t<img decoding=\"async\" src=\"https:\/\/cdn.krossbooking.com\/costaparadisoresort\/images\/3\/31\/16259997171173.jpg\" class=\"img-fluid\" alt=\"Villa Letizia\">\n\t\t\t\t\t\t\t\t<div class=\"overlay-city text-decoration-none \">\n\t\t\t\t\t\t\t\t\t<div class=\"cnt-details\">\n\t\t\t\t\t\t\t\t\t\t<h4 class=\"title-city pt-4 pb-4\">Villa Letizia<\/h4>\n\t\t\t\t\t\t\t\t\t\t<div class=\"price-cnt \">\n\t\t\t\t\t\t\t\t\t\t\t<span class=\"price-text \"> \u00c0 partir de<\/span>\n\t\t\t\t\t\t\t\t\t\t\t<span class=\"price-apt \">\u20ac 300 <\/span>\n\t\t\t\t\t\t\t\t\t\t\t<span class=\"price-text \">  per night<\/span>\n\t\t\t\t\t\t\t\t\t\t<\/div>\n\t\t\t\t\t\t\t\t\t<\/div>\n\t\t\t\t\t\t\t\t<\/div>\n\t\t\t\t\t\t\t<\/a>\n\t\t\t\t\t\t<\/figure>\n\t\t\t\t\t<\/div>\n\t\t\t\t\t\t\t\t<div class=\"box-style room col-lg-4 col-md-4 mb-5\">\n\t\t\t\t\t\t<figure class=\"parent mb-3 box\">\n\t\t\t\t\t\t\t<a href=\"https:\/\/costaparadisoresort.kross.travel\/la-sorgente\/suite-rosa-9?lang=en\" class=\"underl\">\n\t\t\t\t\t\t\t\t<img decoding=\"async\" src=\"https:\/\/cdn.krossbooking.com\/costaparadisoresort\/images\/3\/20\/16266121771374.jpg\" class=\"img-fluid\" alt=\"Suite Rosa 9\">\n\t\t\t\t\t\t\t\t<div class=\"overlay-city text-decoration-none \">\n\t\t\t\t\t\t\t\t\t<div class=\"cnt-details\">\n\t\t\t\t\t\t\t\t\t\t<h4 class=\"title-city pt-4 pb-4\">Suite Rosa 9<\/h4>\n\t\t\t\t\t\t\t\t\t\t<div class=\"price-cnt \">\n\t\t\t\t\t\t\t\t\t\t\t<span class=\"price-text \"> \u00c0 partir de<\/span>\n\t\t\t\t\t\t\t\t\t\t\t<span class=\"price-apt \">\u20ac 250 <\/span>\n\t\t\t\t\t\t\t\t\t\t\t<span class=\"price-text \">  per night<\/span>\n\t\t\t\t\t\t\t\t\t\t<\/div>\n\t\t\t\t\t\t\t\t\t<\/div>\n\t\t\t\t\t\t\t\t<\/div>\n\t\t\t\t\t\t\t<\/a>\n\t\t\t\t\t\t<\/figure>\n\t\t\t\t\t<\/div>\n\t\t\t\t\t\t\t\t<div class=\"box-style room col-lg-4 col-md-4 mb-5\">\n\t\t\t\t\t\t<figure class=\"parent mb-3 box\">\n\t\t\t\t\t\t\t<a href=\"https:\/\/costaparadisoresort.kross.travel\/first-row\/suite-cristallo?lang=en\" class=\"underl\">\n\t\t\t\t\t\t\t\t<img decoding=\"async\" src=\"\" class=\"img-fluid\" alt=\"Suite Cristallo\">\n\t\t\t\t\t\t\t\t<div class=\"overlay-city text-decoration-none \">\n\t\t\t\t\t\t\t\t\t<div class=\"cnt-details\">\n\t\t\t\t\t\t\t\t\t\t<h4 class=\"title-city pt-4 pb-4\">Suite Cristallo<\/h4>\n\t\t\t\t\t\t\t\t\t\t<div class=\"price-cnt \">\n\t\t\t\t\t\t\t\t\t\t\t<span class=\"price-text \"> \u00c0 partir de<\/span>\n\t\t\t\t\t\t\t\t\t\t\t<span class=\"price-apt \">\u20ac 180 <\/span>\n\t\t\t\t\t\t\t\t\t\t\t<span class=\"price-text \">  per night<\/span>\n\t\t\t\t\t\t\t\t\t\t<\/div>\n\t\t\t\t\t\t\t\t\t<\/div>\n\t\t\t\t\t\t\t\t<\/div>\n\t\t\t\t\t\t\t<\/a>\n\t\t\t\t\t\t<\/figure>\n\t\t\t\t\t<\/div>\n\t\t\t\t\t\t\t\t<div class=\"box-style room col-lg-4 col-md-4 mb-5\">\n\t\t\t\t\t\t<figure class=\"parent mb-3 box\">\n\t\t\t\t\t\t\t<a href=\"https:\/\/costaparadisoresort.kross.travel\/la-sorgente\/suite-rosa-8?lang=en\" class=\"underl\">\n\t\t\t\t\t\t\t\t<img decoding=\"async\" src=\"https:\/\/cdn.krossbooking.com\/costaparadisoresort\/images\/3\/14\/15741607162402.jpg\" class=\"img-fluid\" alt=\"Suite Rosa 8\">\n\t\t\t\t\t\t\t\t<div class=\"overlay-city text-decoration-none \">\n\t\t\t\t\t\t\t\t\t<div class=\"cnt-details\">\n\t\t\t\t\t\t\t\t\t\t<h4 class=\"title-city pt-4 pb-4\">Suite Rosa 8<\/h4>\n\t\t\t\t\t\t\t\t\t\t<div class=\"price-cnt \">\n\t\t\t\t\t\t\t\t\t\t\t<span class=\"price-text \"> \u00c0 partir de<\/span>\n\t\t\t\t\t\t\t\t\t\t\t<span class=\"price-apt \">\u20ac 220 <\/span>\n\t\t\t\t\t\t\t\t\t\t\t<span class=\"price-text \">  per night<\/span>\n\t\t\t\t\t\t\t\t\t\t<\/div>\n\t\t\t\t\t\t\t\t\t<\/div>\n\t\t\t\t\t\t\t\t<\/div>\n\t\t\t\t\t\t\t<\/a>\n\t\t\t\t\t\t<\/figure>\n\t\t\t\t\t<\/div>\n\t\t\t\t\t\t\t\t<div class=\"box-style room col-lg-4 col-md-4 mb-5\">\n\t\t\t\t\t\t<figure class=\"parent mb-3 box\">\n\t\t\t\t\t\t\t<a href=\"https:\/\/costaparadisoresort.kross.travel\/prima-fila\/villa-cobalto?lang=en\" class=\"underl\">\n\t\t\t\t\t\t\t\t<img decoding=\"async\" src=\"https:\/\/cdn.krossbooking.com\/costaparadisoresort\/images\/3\/2\/15742477587157.jpg\" class=\"img-fluid\" alt=\"Villa Cobalto\">\n\t\t\t\t\t\t\t\t<div class=\"overlay-city text-decoration-none \">\n\t\t\t\t\t\t\t\t\t<div class=\"cnt-details\">\n\t\t\t\t\t\t\t\t\t\t<h4 class=\"title-city pt-4 pb-4\">Villa Cobalto<\/h4>\n\t\t\t\t\t\t\t\t\t\t<div class=\"price-cnt \">\n\t\t\t\t\t\t\t\t\t\t\t<span class=\"price-text \"> \u00c0 partir de<\/span>\n\t\t\t\t\t\t\t\t\t\t\t<span class=\"price-apt \">\u20ac 299 <\/span>\n\t\t\t\t\t\t\t\t\t\t\t<span class=\"price-text \">  per night<\/span>\n\t\t\t\t\t\t\t\t\t\t<\/div>\n\t\t\t\t\t\t\t\t\t<\/div>\n\t\t\t\t\t\t\t\t<\/div>\n\t\t\t\t\t\t\t<\/a>\n\t\t\t\t\t\t<\/figure>\n\t\t\t\t\t<\/div>\n\t\t\t\t\t<\/div>\n\t<\/div>\n\n\t <\/div>\n\t\t\t\t\t\t<\/div>\n\t\t\t\t<\/div>\n\t\t\t\t\t<\/div>\n\t\t<\/div>\n\t\t\t\t\t<\/div>\n\t\t<\/section>\n\t\t\t\t<section class=\"elementor-section elementor-top-section elementor-element elementor-element-ad054fb elementor-section-boxed elementor-section-height-default elementor-section-height-default\" data-id=\"ad054fb\" data-element_type=\"section\">\n\t\t\t\t\t\t<div class=\"elementor-container elementor-column-gap-default\">\n\t\t\t\t\t<div class=\"elementor-column elementor-col-100 elementor-top-column elementor-element elementor-element-981d6ef\" data-id=\"981d6ef\" data-element_type=\"column\">\n\t\t\t<div class=\"elementor-widget-wrap elementor-element-populated\">\n\t\t\t\t\t\t<div class=\"elementor-element elementor-element-c31dc64 elementor-align-center elementor-widget elementor-widget-button\" data-id=\"c31dc64\" data-element_type=\"widget\" data-widget_type=\"button.default\">\n\t\t\t\t<div class=\"elementor-widget-container\">\n\t\t\t\t\t\t\t\t\t<div class=\"elementor-button-wrapper\">\n\t\t\t\t\t<a class=\"elementor-button elementor-button-link elementor-size-lg\" href=\"https:\/\/costaparadisoresort.kross.travel\/en\/villas\">\n\t\t\t\t\t\t<span class=\"elementor-button-content-wrapper\">\n\t\t\t\t\t\t<span class=\"elementor-button-icon\">\n\t\t\t\t<i aria-hidden=\"true\" class=\"fas fa-arrow-right\"><\/i>\t\t\t<\/span>\n\t\t\t\t\t\t\t\t\t<span class=\"elementor-button-text\">VOIR TOUT<\/span>\n\t\t\t\t\t<\/span>\n\t\t\t\t\t<\/a>\n\t\t\t\t<\/div>\n\t\t\t\t\t\t\t\t<\/div>\n\t\t\t\t<\/div>\n\t\t\t\t\t<\/div>\n\t\t<\/div>\n\t\t\t\t\t<\/div>\n\t\t<\/section>\n\t\t\t\t<section class=\"elementor-section elementor-top-section elementor-element elementor-element-02581ca elementor-section-boxed elementor-section-height-default elementor-section-height-default\" data-id=\"02581ca\" data-element_type=\"section\">\n\t\t\t\t\t\t<div class=\"elementor-container elementor-column-gap-default\">\n\t\t\t\t\t<div class=\"elementor-column elementor-col-100 elementor-top-column elementor-element elementor-element-d004fa4\" data-id=\"d004fa4\" data-element_type=\"column\">\n\t\t\t<div class=\"elementor-widget-wrap elementor-element-populated\">\n\t\t\t\t\t\t<div class=\"elementor-element elementor-element-17429b8 elementor-widget elementor-widget-spacer\" data-id=\"17429b8\" data-element_type=\"widget\" data-widget_type=\"spacer.default\">\n\t\t\t\t<div class=\"elementor-widget-container\">\n\t\t\t\t\t\t\t<div class=\"elementor-spacer\">\n\t\t\t<div class=\"elementor-spacer-inner\"><\/div>\n\t\t<\/div>\n\t\t\t\t\t\t<\/div>\n\t\t\t\t<\/div>\n\t\t\t\t\t<\/div>\n\t\t<\/div>\n\t\t\t\t\t<\/div>\n\t\t<\/section>\n\t\t\t\t<section class=\"elementor-section elementor-top-section elementor-element elementor-element-db98bf7 elementor-section-height-min-height elementor-section-boxed elementor-section-height-default elementor-section-items-middle\" data-id=\"db98bf7\" data-element_type=\"section\" data-settings=\"{&quot;background_background&quot;:&quot;classic&quot;}\">\n\t\t\t\t\t\t<div class=\"elementor-container elementor-column-gap-default\">\n\t\t\t\t\t<div class=\"elementor-column elementor-col-50 elementor-top-column elementor-element elementor-element-e101306\" data-id=\"e101306\" data-element_type=\"column\" data-settings=\"{&quot;background_background&quot;:&quot;classic&quot;}\">\n\t\t\t<div class=\"elementor-widget-wrap elementor-element-populated\">\n\t\t\t\t\t\t<div class=\"elementor-element elementor-element-04dd86c elementor-widget elementor-widget-text-editor\" data-id=\"04dd86c\" data-element_type=\"widget\" data-widget_type=\"text-editor.default\">\n\t\t\t\t<div class=\"elementor-widget-container\">\n\t\t\t\t\t\t\t\t\t<p>VOUS NE TROUVEZ PAS VOTRE VILLA?<\/p>\n\t\t\t\t\t\t\t\t<\/div>\n\t\t\t\t<\/div>\n\t\t\t\t<div class=\"elementor-element elementor-element-7e8a67c elementor-widget elementor-widget-text-editor\" data-id=\"7e8a67c\" data-element_type=\"widget\" data-widget_type=\"text-editor.default\">\n\t\t\t\t<div class=\"elementor-widget-container\">\n\t\t\t\t\t\t\t\t\t<p>Nous avons d&rsquo;autres villas adapt\u00e9es \u00e0 vos besoins. N&rsquo;h\u00e9sitez pas \u00e0 nous contacter!<\/p>\n<div class=\"caldera-grid\" id=\"caldera_form_1\" data-cf-ver=\"1.9.4\" data-cf-form-id=\"CF5de523db1213c\"><div id=\"caldera_notices_1\" data-spinner=\"https:\/\/costaparadisoresort.com\/wp-admin\/images\/spinner.gif\"><\/div><form data-instance=\"1\" class=\"CF5de523db1213c caldera_forms_form cfajax-trigger\" method=\"POST\" enctype=\"multipart\/form-data\" id=\"CF5de523db1213c_1\" data-form-id=\"CF5de523db1213c\" aria-label=\"costa paradiso1\" data-target=\"#caldera_notices_1\" data-template=\"#cfajax_CF5de523db1213c-tmpl\" data-cfajax=\"CF5de523db1213c\" data-load-element=\"_parent\" data-load-class=\"cf_processing\" data-post-disable=\"0\" data-action=\"cf_process_ajax_submit\" data-request=\"https:\/\/costaparadisoresort.com\/fr\/\/cf-api\/CF5de523db1213c\" data-hiderows=\"true\">\r\n<input type=\"hidden\" id=\"_cf_verify_CF5de523db1213c\" name=\"_cf_verify\" value=\"929d40779a\"  data-nonce-time=\"1775907614\" \/><input type=\"hidden\" name=\"_wp_http_referer\" value=\"\/fr\/wp-json\/wp\/v2\/pages\/466\" \/><div id=\"cf2-CF5de523db1213c_1\"><\/div><input type=\"hidden\" name=\"_cf_frm_id\" value=\"CF5de523db1213c\">\r\n<input type=\"hidden\" name=\"_cf_frm_ct\" value=\"1\">\r\n<input type=\"hidden\" name=\"cfajax\" value=\"CF5de523db1213c\">\r\n<input type=\"hidden\" name=\"_cf_cr_pst\" value=\"466\">\r\n<div class=\"hide\" style=\"display:none; overflow:hidden;height:0;width:0;\">\r\n<label>Web Site<\/label><input type=\"text\" name=\"web_site\" value=\"\" autocomplete=\"off\">\r\n<\/div><div id=\"CF5de523db1213c_1-row-1\"  class=\"row  first_row\"><div  class=\"col-sm-12  single\"><\/div><\/div><div id=\"CF5de523db1213c_1-row-2\"  class=\"row \"><div  class=\"col-sm-6  first_col\"><div data-field-wrapper=\"fld_8768091\" class=\"form-group\" id=\"fld_8768091_1-wrap\">\r\n\t<label id=\"fld_8768091Label\" for=\"fld_8768091_1\" class=\"control-label\">Nome <span aria-hidden=\"true\" role=\"presentation\" class=\"field_required\" style=\"color:#ee0000;\">*<\/span><\/label>\r\n\t<div class=\"\">\r\n\t\t<input   required type=\"text\" data-field=\"fld_8768091\" class=\" form-control\" id=\"fld_8768091_1\" name=\"fld_8768091\" value=\"\" data-type=\"text\" aria-required=\"true\"   aria-labelledby=\"fld_8768091Label\" >\t\t\t<\/div>\r\n<\/div>\r\n<\/div><div  class=\"col-sm-6  last_col\"><div data-field-wrapper=\"fld_9970286\" class=\"form-group\" id=\"fld_9970286_1-wrap\">\r\n\t<label id=\"fld_9970286Label\" for=\"fld_9970286_1\" class=\"control-label\">Cognome <span aria-hidden=\"true\" role=\"presentation\" class=\"field_required\" style=\"color:#ee0000;\">*<\/span><\/label>\r\n\t<div class=\"\">\r\n\t\t<input   required type=\"text\" data-field=\"fld_9970286\" class=\" form-control\" id=\"fld_9970286_1\" name=\"fld_9970286\" value=\"\" data-type=\"text\" aria-required=\"true\"   aria-labelledby=\"fld_9970286Label\" >\t\t\t<\/div>\r\n<\/div>\r\n<\/div><\/div><div id=\"CF5de523db1213c_1-row-3\"  class=\"row \"><div  class=\"col-sm-6  first_col\"><div data-field-wrapper=\"fld_6009157\" class=\"form-group\" id=\"fld_6009157_1-wrap\">\r\n\t<label id=\"fld_6009157Label\" for=\"fld_6009157_1\" class=\"control-label\">Email <span aria-hidden=\"true\" role=\"presentation\" class=\"field_required\" style=\"color:#ee0000;\">*<\/span><\/label>\r\n\t<div class=\"\">\r\n\t\t<input   required type=\"email\" data-field=\"fld_6009157\" class=\" form-control\" id=\"fld_6009157_1\" name=\"fld_6009157\" value=\"\" data-type=\"email\" aria-required=\"true\"   aria-labelledby=\"fld_6009157Label\" >\t\t\t<\/div>\r\n<\/div>\r\n<\/div><div  class=\"col-sm-6  last_col\">\n<div data-field-wrapper=\"fld_661545\" class=\"form-group\" id=\"fld_661545_1-wrap\">\r\n\t<label id=\"fld_661545Label\" for=\"fld_661545_1\" class=\"control-label\">Mese<\/label>\r\n\t<div class=\"\">\r\n\t\t<input  type=\"text\" data-provide=\"cfdatepicker\" name=\"fld_661545\" value=\"\" id=\"fld_661545_1\" data-field=\"fld_661545\" class=\"form-control cfdatepicker is-cfdatepicker\" data-date-format=\"yyyy-mm-dd\" data-date-start-view=\"month\"   aria-labelledby=\"fld_661545Label\"   \/>\n\t\t\t<\/div>\r\n<\/div>\r\n<\/div><\/div><div id=\"CF5de523db1213c_1-row-4\"  class=\"row  last_row\"><div  class=\"col-sm-12  single\"><div data-field-wrapper=\"fld_7908577\" class=\"form-group\" id=\"fld_7908577_1-wrap\">\r\n<div class=\"\">\r\n\t<input  class=\"btn btn-secondary btn-block\" type=\"submit\" name=\"fld_7908577\" id=\"fld_7908577_1\" value=\"INVIA LA RICHIESTA\" data-field=\"fld_7908577\"  >\n<\/div>\r\n<\/div>\r\n\t<input class=\"button_trigger_1\" type=\"hidden\" name=\"fld_7908577\" id=\"fld_7908577_1_btn\" value=\"\" data-field=\"fld_7908577\"  \/>\n<\/div><\/div><\/form>\r\n<\/div>\r\n\n\t\t\t\t\t\t\t\t<\/div>\n\t\t\t\t<\/div>\n\t\t\t\t\t<\/div>\n\t\t<\/div>\n\t\t\t\t<div class=\"elementor-column elementor-col-50 elementor-top-column elementor-element elementor-element-dc47db9\" data-id=\"dc47db9\" data-element_type=\"column\">\n\t\t\t<div class=\"elementor-widget-wrap\">\n\t\t\t\t\t\t\t<\/div>\n\t\t<\/div>\n\t\t\t\t\t<\/div>\n\t\t<\/section>\n\t\t\t\t<\/div>\n\t\t","protected":false},"excerpt":{"rendered":"<p>Bienvenue au paradis Le littoral le plus exceptionnel de la Sardaigne vous attend au Costa Paradiso Resort, que vous choisirez pour des vacances \u00e0 la mer oscillant entre le charme d&rsquo;une nature pr\u00e9serv\u00e9e et celui des criques silencieuses, baign\u00e9es d&rsquo;eaux transparentes et cadres de couchers de soleil saisissants. Dans un d\u00e9cor de r\u00eave, entre Porto [&#8230;]<\/p>\n<p><a class=\"btn btn-secondary understrap-read-more-link\" href=\"https:\/\/costaparadisoresort.com\/fr\/\">Read More&#8230;<\/a><\/p>\n","protected":false},"author":1,"featured_media":0,"parent":0,"menu_order":0,"comment_status":"closed","ping_status":"closed","template":"elementor_header_footer","meta":{"footnotes":""},"class_list":["post-466","page","type-page","status-publish","hentry"],"_links":{"self":[{"href":"https:\/\/costaparadisoresort.com\/fr\/wp-json\/wp\/v2\/pages\/466","targetHints":{"allow":["GET"]}}],"collection":[{"href":"https:\/\/costaparadisoresort.com\/fr\/wp-json\/wp\/v2\/pages"}],"about":[{"href":"https:\/\/costaparadisoresort.com\/fr\/wp-json\/wp\/v2\/types\/page"}],"author":[{"embeddable":true,"href":"https:\/\/costaparadisoresort.com\/fr\/wp-json\/wp\/v2\/users\/1"}],"replies":[{"embeddable":true,"href":"https:\/\/costaparadisoresort.com\/fr\/wp-json\/wp\/v2\/comments?post=466"}],"version-history":[{"count":7,"href":"https:\/\/costaparadisoresort.com\/fr\/wp-json\/wp\/v2\/pages\/466\/revisions"}],"predecessor-version":[{"id":816,"href":"https:\/\/costaparadisoresort.com\/fr\/wp-json\/wp\/v2\/pages\/466\/revisions\/816"}],"wp:attachment":[{"href":"https:\/\/costaparadisoresort.com\/fr\/wp-json\/wp\/v2\/media?parent=466"}],"curies":[{"name":"wp","href":"https:\/\/api.w.org\/{rel}","templated":true}]}}