{"id":446,"date":"2019-12-16T10:55:10","date_gmt":"2019-12-16T10:55:10","guid":{"rendered":"https:\/\/costaparadisoresort.com\/?page_id=446"},"modified":"2019-12-16T10:55:11","modified_gmt":"2019-12-16T10:55:11","slug":"emplacement-et-ferries","status":"publish","type":"page","link":"https:\/\/costaparadisoresort.com\/fr\/emplacement-et-ferries\/","title":{"rendered":"Emplacement et Ferries"},"content":{"rendered":"\t\t<div data-elementor-type=\"wp-page\" data-elementor-id=\"446\" class=\"elementor elementor-446 elementor-135\">\n\t\t\t\t\t\t<section class=\"elementor-section elementor-top-section elementor-element elementor-element-f3dcc15 elementor-section-boxed elementor-section-height-default elementor-section-height-default\" data-id=\"f3dcc15\" data-element_type=\"section\">\n\t\t\t\t\t\t<div class=\"elementor-container elementor-column-gap-default\">\n\t\t\t\t\t<div class=\"elementor-column elementor-col-100 elementor-top-column elementor-element elementor-element-2949ecd\" data-id=\"2949ecd\" data-element_type=\"column\">\n\t\t\t<div class=\"elementor-widget-wrap elementor-element-populated\">\n\t\t\t\t\t\t<div class=\"elementor-element elementor-element-8df4e8a elementor-widget elementor-widget-heading\" data-id=\"8df4e8a\" data-element_type=\"widget\" data-widget_type=\"heading.default\">\n\t\t\t\t<div class=\"elementor-widget-container\">\n\t\t\t\t\t<div class=\"elementor-heading-title elementor-size-default\">Emplacement et Ferries<\/div>\t\t\t\t<\/div>\n\t\t\t\t<\/div>\n\t\t\t\t\t<\/div>\n\t\t<\/div>\n\t\t\t\t\t<\/div>\n\t\t<\/section>\n\t\t\t\t<section class=\"elementor-section elementor-top-section elementor-element elementor-element-e7bec30 elementor-section-boxed elementor-section-height-default elementor-section-height-default\" data-id=\"e7bec30\" data-element_type=\"section\">\n\t\t\t\t\t\t<div class=\"elementor-container elementor-column-gap-default\">\n\t\t\t\t\t<div class=\"elementor-column elementor-col-100 elementor-top-column elementor-element elementor-element-2a4d59c\" data-id=\"2a4d59c\" data-element_type=\"column\">\n\t\t\t<div class=\"elementor-widget-wrap elementor-element-populated\">\n\t\t\t\t\t\t<div class=\"elementor-element elementor-element-3f2ea92 elementor-widget elementor-widget-google_maps\" data-id=\"3f2ea92\" data-element_type=\"widget\" data-widget_type=\"google_maps.default\">\n\t\t\t\t<div class=\"elementor-widget-container\">\n\t\t\t\t\t\t\t<div class=\"elementor-custom-embed\">\n\t\t\t<iframe loading=\"lazy\"\n\t\t\t\t\tsrc=\"https:\/\/maps.google.com\/maps?q=Costa%20Paradiso%2007038%20Trinit%C3%A0%20d%27Agultu%20e%20Vignola%2C%20Province%20of%20Olbia-Tempio&#038;t=m&#038;z=10&#038;output=embed&#038;iwloc=near\"\n\t\t\t\t\ttitle=\"Costa Paradiso 07038 Trinit\u00e0 d&#039;Agultu e Vignola, Province of Olbia-Tempio\"\n\t\t\t\t\taria-label=\"Costa Paradiso 07038 Trinit\u00e0 d&#039;Agultu e Vignola, Province of Olbia-Tempio\"\n\t\t\t><\/iframe>\n\t\t<\/div>\n\t\t\t\t\t\t<\/div>\n\t\t\t\t<\/div>\n\t\t\t\t<div class=\"elementor-element elementor-element-0839e2a elementor-widget elementor-widget-text-editor\" data-id=\"0839e2a\" data-element_type=\"widget\" data-widget_type=\"text-editor.default\">\n\t\t\t\t<div class=\"elementor-widget-container\">\n\t\t\t\t\t\t\t\t\t<p>Situ\u00e9 \u00e0 une heure de voiture de la Costa Smeralda, le Costa Paradiso Resort vous propose des villas \u00e0 louer confortables, le long d&rsquo;un littoral, reconnu comme l&rsquo;une des sites les plus s\u00e9duisants de la Sardaigne, sur la c\u00f4te nord ouest de l&rsquo;\u00eele, \u00e0 46 kilom\u00e8tres au sud de Santa Teresa di Gallura.<\/p>\n<p>Ce v\u00e9ritable paradis baln\u00e9aire vous offre des petites plages de sable romantiques baign\u00e9es par des eaux transparentes, entour\u00e9es de rochers granitiques sculpt\u00e9s par l&rsquo;action d\u00e9licate des vents et par le maquis m\u00e9diterran\u00e9en enchanteur et luxuriant.<\/p>\n<p>Facilement accessible gr\u00e2ce aux traversiers qui accostent dans les principaux ports de plaisance de la Sardaigne (Olbia, Porto Torres, Golfo degli Aranci et Palau) et gr\u00e2ce aux liaisons a\u00e9riennes des a\u00e9roports d&rsquo;Olbia et d&rsquo;Alghero, le Costa Paradiso Resort vous permet de vivre la mer dans toutes ses facettes, tout en profitant de services pratiques et en ayant acc\u00e8s \u00e0 des activit\u00e9s de loisirs agr\u00e9ables et relaxantes.<\/p>\n<p><strong>Comment nous rejoindre ?<\/strong><\/p>\n<p><strong>Emplacement et Ferries<\/strong><br \/>\nDes ports d&rsquo;Olbia et de Golfo Aranci<br \/>\nEn arrivant en Sardaigne en bateau, Costa Paradiso se trouve \u00e0 80 kilom\u00e8tres du port d&rsquo;Olbia et \u00e0 75 kilom\u00e8tres du port de Golfo Aranci en suivant la route Arzachena \u2013 Palau en direction de Santa Teresa di Gallura et de Castelsardo.<\/p>\n<p><strong>De Porto Torres<\/strong><br \/>\nSuivez la route c\u00f4ti\u00e8re en direction de Castelsardo et de Santa Teresa di Gallura sur 80 kilom\u00e8tres environ, puis continuez sur la SP 90 vers Castelsardo et tournez ensuite au croisement pour Costa Paradiso.<\/p>\n<p><strong>Du port de Palau<\/strong><br \/>\nPrenez la SP 133 vers Santa Teresa di Gallura et tournez pour prendre la SP 90 en direction de Castelsardo ; au bout de 40 kilom\u00e8tres environ, tournez \u00e0 droite en direction de Costa Paradiso.<br \/>\n<strong><br \/>\nDe l&rsquo;a\u00e9roport d&rsquo;Olbia<\/strong><br \/>\nL&rsquo;a\u00e9roport le plus proche est celui d&rsquo;Olbia &#8211; Costa Smeralda ; pour rejoindre Costa Paradiso depuis Olbia, reprenez les indications qui pr\u00e9c\u00e8dent.<\/p>\n<p><strong>De l&rsquo;a\u00e9roport d&rsquo;Alghero<\/strong><br \/>\nL&rsquo;a\u00e9roport se trouve \u00e0 80 kilom\u00e8tres environ : Suivez la splendide route c\u00f4ti\u00e8re en direction de Platamona, Castelsardo et, en continuant ensuite par la SP 90 vers Santa Teresa, vous prendrez la direction de Costa Paradiso au croisement.<\/p>\n<p>&nbsp;<\/p>\n\t\t\t\t\t\t\t\t<\/div>\n\t\t\t\t<\/div>\n\t\t\t\t\t<\/div>\n\t\t<\/div>\n\t\t\t\t\t<\/div>\n\t\t<\/section>\n\t\t\t\t<section class=\"elementor-section elementor-top-section elementor-element elementor-element-2c60278 elementor-section-boxed elementor-section-height-default elementor-section-height-default\" data-id=\"2c60278\" data-element_type=\"section\">\n\t\t\t\t\t\t<div class=\"elementor-container elementor-column-gap-default\">\n\t\t\t\t\t<div class=\"elementor-column elementor-col-100 elementor-top-column elementor-element elementor-element-9a93514\" data-id=\"9a93514\" data-element_type=\"column\">\n\t\t\t<div class=\"elementor-widget-wrap elementor-element-populated\">\n\t\t\t\t\t\t<div class=\"elementor-element elementor-element-eef7a6b elementor-widget elementor-widget-heading\" data-id=\"eef7a6b\" data-element_type=\"widget\" data-widget_type=\"heading.default\">\n\t\t\t\t<div class=\"elementor-widget-container\">\n\t\t\t\t\t<div class=\"elementor-heading-title elementor-size-default\">LIVRE FERRY<\/div>\t\t\t\t<\/div>\n\t\t\t\t<\/div>\n\t\t\t\t\t<\/div>\n\t\t<\/div>\n\t\t\t\t\t<\/div>\n\t\t<\/section>\n\t\t\t\t<section class=\"elementor-section elementor-top-section elementor-element elementor-element-690db59 elementor-section-boxed elementor-section-height-default elementor-section-height-default\" data-id=\"690db59\" data-element_type=\"section\">\n\t\t\t\t\t\t<div class=\"elementor-container elementor-column-gap-default\">\n\t\t\t\t\t<div class=\"elementor-column elementor-col-100 elementor-top-column elementor-element elementor-element-d0b570e\" data-id=\"d0b570e\" data-element_type=\"column\">\n\t\t\t<div class=\"elementor-widget-wrap elementor-element-populated\">\n\t\t\t\t\t\t<div class=\"elementor-element elementor-element-0e00236 elementor-widget elementor-widget-heading\" data-id=\"0e00236\" data-element_type=\"widget\" data-widget_type=\"heading.default\">\n\t\t\t\t<div class=\"elementor-widget-container\">\n\t\t\t\t\t<div class=\"elementor-heading-title elementor-size-default\"> <\/div>\t\t\t\t<\/div>\n\t\t\t\t<\/div>\n\t\t\t\t\t<\/div>\n\t\t<\/div>\n\t\t\t\t\t<\/div>\n\t\t<\/section>\n\t\t\t\t<section class=\"elementor-section elementor-top-section elementor-element elementor-element-c7f1c66 elementor-section-boxed elementor-section-height-default elementor-section-height-default\" data-id=\"c7f1c66\" data-element_type=\"section\">\n\t\t\t\t\t\t<div class=\"elementor-container elementor-column-gap-default\">\n\t\t\t\t\t<div class=\"elementor-column elementor-col-100 elementor-top-column elementor-element elementor-element-dafc421\" data-id=\"dafc421\" data-element_type=\"column\">\n\t\t\t<div class=\"elementor-widget-wrap elementor-element-populated\">\n\t\t\t\t\t\t<div class=\"elementor-element elementor-element-6f6202e elementor-widget elementor-widget-heading\" data-id=\"6f6202e\" data-element_type=\"widget\" data-widget_type=\"heading.default\">\n\t\t\t\t<div class=\"elementor-widget-container\">\n\t\t\t\t\t<div class=\"elementor-heading-title elementor-size-default\"><a href=\"https:\/\/costaparadisoresort-sviluppo.com\/wp-content\/uploads\/2019\/12\/Costa_Paradiso_Resort_Map.pdf\">Imprimez la carte avec les directions pour nous rejoindre<\/a><\/div>\t\t\t\t<\/div>\n\t\t\t\t<\/div>\n\t\t\t\t\t<\/div>\n\t\t<\/div>\n\t\t\t\t\t<\/div>\n\t\t<\/section>\n\t\t\t\t<\/div>\n\t\t","protected":false},"excerpt":{"rendered":"<p>Emplacement et Ferries Situ\u00e9 \u00e0 une heure de voiture de la Costa Smeralda, le Costa Paradiso Resort vous propose des villas \u00e0 louer confortables, le long d&rsquo;un littoral, reconnu comme l&rsquo;une des sites les plus s\u00e9duisants de la Sardaigne, sur la c\u00f4te nord ouest de l&rsquo;\u00eele, \u00e0 46 kilom\u00e8tres au sud de Santa Teresa di [&#8230;]<\/p>\n<p><a class=\"btn btn-secondary understrap-read-more-link\" href=\"https:\/\/costaparadisoresort.com\/fr\/emplacement-et-ferries\/\">Read More&#8230;<\/a><\/p>\n","protected":false},"author":1,"featured_media":0,"parent":0,"menu_order":0,"comment_status":"closed","ping_status":"closed","template":"elementor_header_footer","meta":{"footnotes":""},"class_list":["post-446","page","type-page","status-publish","hentry"],"_links":{"self":[{"href":"https:\/\/costaparadisoresort.com\/fr\/wp-json\/wp\/v2\/pages\/446","targetHints":{"allow":["GET"]}}],"collection":[{"href":"https:\/\/costaparadisoresort.com\/fr\/wp-json\/wp\/v2\/pages"}],"about":[{"href":"https:\/\/costaparadisoresort.com\/fr\/wp-json\/wp\/v2\/types\/page"}],"author":[{"embeddable":true,"href":"https:\/\/costaparadisoresort.com\/fr\/wp-json\/wp\/v2\/users\/1"}],"replies":[{"embeddable":true,"href":"https:\/\/costaparadisoresort.com\/fr\/wp-json\/wp\/v2\/comments?post=446"}],"version-history":[{"count":1,"href":"https:\/\/costaparadisoresort.com\/fr\/wp-json\/wp\/v2\/pages\/446\/revisions"}],"predecessor-version":[{"id":447,"href":"https:\/\/costaparadisoresort.com\/fr\/wp-json\/wp\/v2\/pages\/446\/revisions\/447"}],"wp:attachment":[{"href":"https:\/\/costaparadisoresort.com\/fr\/wp-json\/wp\/v2\/media?parent=446"}],"curies":[{"name":"wp","href":"https:\/\/api.w.org\/{rel}","templated":true}]}}