{"id":436,"date":"2019-12-16T10:49:16","date_gmt":"2019-12-16T10:49:16","guid":{"rendered":"https:\/\/costaparadisoresort.com\/?page_id=436"},"modified":"2024-03-08T09:07:47","modified_gmt":"2024-03-08T09:07:47","slug":"esperienza","status":"publish","type":"page","link":"https:\/\/costaparadisoresort.com\/fr\/esperienza\/","title":{"rendered":"Esperienza"},"content":{"rendered":"\t\t<div data-elementor-type=\"wp-page\" data-elementor-id=\"436\" class=\"elementor elementor-436 elementor-105\">\n\t\t\t\t\t\t<section class=\"elementor-section elementor-top-section elementor-element elementor-element-6e4a482 elementor-section-boxed elementor-section-height-default elementor-section-height-default\" data-id=\"6e4a482\" data-element_type=\"section\">\n\t\t\t\t\t\t<div class=\"elementor-container elementor-column-gap-default\">\n\t\t\t\t\t<div class=\"elementor-column elementor-col-100 elementor-top-column elementor-element elementor-element-316fe69\" data-id=\"316fe69\" data-element_type=\"column\">\n\t\t\t<div class=\"elementor-widget-wrap elementor-element-populated\">\n\t\t\t\t\t\t<div class=\"elementor-element elementor-element-8d718da elementor-widget elementor-widget-heading\" data-id=\"8d718da\" data-element_type=\"widget\" data-widget_type=\"heading.default\">\n\t\t\t\t<div class=\"elementor-widget-container\">\n\t\t\t\t\t<h2 class=\"elementor-heading-title elementor-size-default\">Mare, Natura e Relax<\/h2>\t\t\t\t<\/div>\n\t\t\t\t<\/div>\n\t\t\t\t\t<\/div>\n\t\t<\/div>\n\t\t\t\t\t<\/div>\n\t\t<\/section>\n\t\t\t\t<section class=\"elementor-section elementor-top-section elementor-element elementor-element-3411775 elementor-section-boxed elementor-section-height-default elementor-section-height-default\" data-id=\"3411775\" data-element_type=\"section\">\n\t\t\t\t\t\t<div class=\"elementor-container elementor-column-gap-default\">\n\t\t\t\t\t<div class=\"elementor-column elementor-col-100 elementor-top-column elementor-element elementor-element-a42ebc2\" data-id=\"a42ebc2\" data-element_type=\"column\">\n\t\t\t<div class=\"elementor-widget-wrap elementor-element-populated\">\n\t\t\t\t\t\t<div class=\"elementor-element elementor-element-6ffd9bf elementor-widget elementor-widget-video\" data-id=\"6ffd9bf\" data-element_type=\"widget\" data-settings=\"{&quot;video_type&quot;:&quot;vimeo&quot;}\" data-widget_type=\"video.default\">\n\t\t\t\t<div class=\"elementor-widget-container\">\n\t\t\t\t\t\t\t<div class=\"elementor-wrapper elementor-open-inline\">\n\t\t\t<iframe class=\"elementor-video-iframe\" allowfullscreen allow=\"clipboard-write\" title=\"Lecteur vid\u00e9o vimeo\" src=\"https:\/\/player.vimeo.com\/video\/264857406?color&amp;autopause=0&amp;loop=0&amp;muted=0&amp;title=1&amp;portrait=1&amp;byline=1#t=\"><\/iframe>\t\t<\/div>\n\t\t\t\t\t\t<\/div>\n\t\t\t\t<\/div>\n\t\t\t\t\t<\/div>\n\t\t<\/div>\n\t\t\t\t\t<\/div>\n\t\t<\/section>\n\t\t\t\t<section class=\"elementor-section elementor-top-section elementor-element elementor-element-d488c30 elementor-section-boxed elementor-section-height-default elementor-section-height-default\" data-id=\"d488c30\" data-element_type=\"section\">\n\t\t\t\t\t\t<div class=\"elementor-container elementor-column-gap-default\">\n\t\t\t\t\t<div class=\"elementor-column elementor-col-100 elementor-top-column elementor-element elementor-element-0e4cb46\" data-id=\"0e4cb46\" data-element_type=\"column\">\n\t\t\t<div class=\"elementor-widget-wrap elementor-element-populated\">\n\t\t\t\t\t\t<div class=\"elementor-element elementor-element-2602b0e elementor-widget elementor-widget-text-editor\" data-id=\"2602b0e\" data-element_type=\"widget\" data-widget_type=\"text-editor.default\">\n\t\t\t\t<div class=\"elementor-widget-container\">\n\t\t\t\t\t\t\t\t\t<p>All\u2019interno della cornice del Parco, le Ville curate nei minimi dettagli, si affacciano sul mare e sono circondate da profumati pini ed oleandri. Ma appena si arriva in questo angolo di paradiso, quello che colpisce \u00e8 il silenzio e la calma.<\/p>\n<p>Bastano pochi attimi e lo stress sembra gi\u00e0 un ricordo lontano. E mentre la vacanza inizia, il relax vi avvolge e sale la voglia di immergervi nelle acque cristalline della spiaggia Li Cossi e scoprire le numerose calette.<\/p>\n<p>Ci si pu\u00f2 completamente immergere nella natura scoprendo le bellezze nascoste dal mare svolgendo attivit\u00e0 di snorkelling e diving o escursioni con il gommone. Oppure, si pu\u00f2 passeggiare, fare trekking o semplicemente rilassarsi nelle terrazze private ad uso esclusivo presenti nelle Ville.<\/p>\n<p>Chi soggiorna qui e vuole fuggire dalla quotidianit\u00e0 sa che il Resort garantisce una completa privacy che \u00e8 parte integrante dell\u2019esperienza al Costa Paradiso. Per ogni evenienza siamo noi a raggiungervi in Villa.<\/p>\n<p>Oltre alle attivit\u00e0 sportive, \u00e8 possibile dedicarsi al proprio benessere con i massaggi e trattamenti direttamente nella cornice della vostra Villa privata.<\/p>\n<p>Il panorama \u00e8 da mozzar il fiato. Soprattutto al tramonto quando il sole fa capolino sul mare davanti al Resort. E\u2019 un momento magico durante il quale vi consigliamo di godervi un ottimo aperitivo o una cena in uno dei ristoranti del Costa Paradiso Report.\u00a0 Oppure \u00e8 il momento giusto per godere della totale privacy a bordo della piscina privata con una cena all&rsquo;aperto con le persone per voi pi\u00f9 speciali.<\/p>\n<p>La mattina, la vostra dolce sveglia sar\u00e0 il canto degli uccellini e il rumore del mare in sottofondo. E sarete carichi e pronti per vivere un\u2019altra giornata di puro relax nel nostro Resort. Chi non vorrebbe svegliarsi cosi ogni giorno!<\/p>\n<p>Venite a anche voi questa esperienza, questo piccolo angolo di Paradiso della Sardegna. Venite al Costa Paradiso Resort!<\/p>\n\t\t\t\t\t\t\t\t<\/div>\n\t\t\t\t<\/div>\n\t\t\t\t\t<\/div>\n\t\t<\/div>\n\t\t\t\t\t<\/div>\n\t\t<\/section>\n\t\t\t\t<section class=\"elementor-section elementor-top-section elementor-element elementor-element-b237721 elementor-section-boxed elementor-section-height-default elementor-section-height-default\" data-id=\"b237721\" data-element_type=\"section\">\n\t\t\t\t\t\t<div class=\"elementor-container elementor-column-gap-default\">\n\t\t\t\t\t<div class=\"elementor-column elementor-col-100 elementor-top-column elementor-element elementor-element-9b22fc4\" data-id=\"9b22fc4\" data-element_type=\"column\">\n\t\t\t<div class=\"elementor-widget-wrap elementor-element-populated\">\n\t\t\t\t\t\t<div class=\"elementor-element elementor-element-5720aef elementor-widget elementor-widget-image\" data-id=\"5720aef\" data-element_type=\"widget\" data-widget_type=\"image.default\">\n\t\t\t\t<div class=\"elementor-widget-container\">\n\t\t\t\t\t\t\t\t\t\t\t\t\t\t\t<img fetchpriority=\"high\" decoding=\"async\" width=\"977\" height=\"1076\" src=\"https:\/\/costaparadisoresort.com\/wp-content\/uploads\/2024\/03\/Foto-pagina-esperienza.png\" class=\"attachment-full size-full wp-image-839\" alt=\"\" srcset=\"https:\/\/costaparadisoresort.com\/wp-content\/uploads\/2024\/03\/Foto-pagina-esperienza.png 977w, https:\/\/costaparadisoresort.com\/wp-content\/uploads\/2024\/03\/Foto-pagina-esperienza-272x300.png 272w, https:\/\/costaparadisoresort.com\/wp-content\/uploads\/2024\/03\/Foto-pagina-esperienza-930x1024.png 930w, https:\/\/costaparadisoresort.com\/wp-content\/uploads\/2024\/03\/Foto-pagina-esperienza-768x846.png 768w\" sizes=\"(max-width: 977px) 100vw, 977px\" \/>\t\t\t\t\t\t\t\t\t\t\t\t\t\t\t<\/div>\n\t\t\t\t<\/div>\n\t\t\t\t\t<\/div>\n\t\t<\/div>\n\t\t\t\t\t<\/div>\n\t\t<\/section>\n\t\t\t\t<\/div>\n\t\t","protected":false},"excerpt":{"rendered":"<p>Mare, Natura e Relax https:\/\/vimeo.com\/264857406 All\u2019interno della cornice del Parco, le Ville curate nei minimi dettagli, si affacciano sul mare e sono circondate da profumati pini ed oleandri. Ma appena si arriva in questo angolo di paradiso, quello che colpisce \u00e8 il silenzio e la calma. Bastano pochi attimi e lo stress sembra gi\u00e0 un [&#8230;]<\/p>\n<p><a class=\"btn btn-secondary understrap-read-more-link\" href=\"https:\/\/costaparadisoresort.com\/fr\/esperienza\/\">Read More&#8230;<\/a><\/p>\n","protected":false},"author":1,"featured_media":0,"parent":0,"menu_order":0,"comment_status":"closed","ping_status":"closed","template":"elementor_header_footer","meta":{"footnotes":""},"class_list":["post-436","page","type-page","status-publish","hentry"],"_links":{"self":[{"href":"https:\/\/costaparadisoresort.com\/fr\/wp-json\/wp\/v2\/pages\/436","targetHints":{"allow":["GET"]}}],"collection":[{"href":"https:\/\/costaparadisoresort.com\/fr\/wp-json\/wp\/v2\/pages"}],"about":[{"href":"https:\/\/costaparadisoresort.com\/fr\/wp-json\/wp\/v2\/types\/page"}],"author":[{"embeddable":true,"href":"https:\/\/costaparadisoresort.com\/fr\/wp-json\/wp\/v2\/users\/1"}],"replies":[{"embeddable":true,"href":"https:\/\/costaparadisoresort.com\/fr\/wp-json\/wp\/v2\/comments?post=436"}],"version-history":[{"count":4,"href":"https:\/\/costaparadisoresort.com\/fr\/wp-json\/wp\/v2\/pages\/436\/revisions"}],"predecessor-version":[{"id":871,"href":"https:\/\/costaparadisoresort.com\/fr\/wp-json\/wp\/v2\/pages\/436\/revisions\/871"}],"wp:attachment":[{"href":"https:\/\/costaparadisoresort.com\/fr\/wp-json\/wp\/v2\/media?parent=436"}],"curies":[{"name":"wp","href":"https:\/\/api.w.org\/{rel}","templated":true}]}}