{"id":497,"date":"2019-12-27T10:11:22","date_gmt":"2019-12-27T10:11:22","guid":{"rendered":"https:\/\/costaparadisoresort.com\/?page_id=497"},"modified":"2019-12-27T10:11:23","modified_gmt":"2019-12-27T10:11:23","slug":"services","status":"publish","type":"page","link":"https:\/\/costaparadisoresort.com\/de\/services\/","title":{"rendered":"Services"},"content":{"rendered":"\t\t<div data-elementor-type=\"wp-page\" data-elementor-id=\"497\" class=\"elementor elementor-497 elementor-121\">\n\t\t\t\t\t\t<section class=\"elementor-section elementor-top-section elementor-element elementor-element-f3dcc15 elementor-section-boxed elementor-section-height-default elementor-section-height-default\" data-id=\"f3dcc15\" data-element_type=\"section\">\n\t\t\t\t\t\t<div class=\"elementor-container elementor-column-gap-default\">\n\t\t\t\t\t<div class=\"elementor-column elementor-col-100 elementor-top-column elementor-element elementor-element-2949ecd\" data-id=\"2949ecd\" data-element_type=\"column\">\n\t\t\t<div class=\"elementor-widget-wrap elementor-element-populated\">\n\t\t\t\t\t\t<div class=\"elementor-element elementor-element-8df4e8a elementor-widget elementor-widget-heading\" data-id=\"8df4e8a\" data-element_type=\"widget\" data-widget_type=\"heading.default\">\n\t\t\t\t<div class=\"elementor-widget-container\">\n\t\t\t\t\t<div class=\"elementor-heading-title elementor-size-default\">Beschreibung und Service<\/div>\t\t\t\t<\/div>\n\t\t\t\t<\/div>\n\t\t\t\t\t<\/div>\n\t\t<\/div>\n\t\t\t\t\t<\/div>\n\t\t<\/section>\n\t\t\t\t<section class=\"elementor-section elementor-top-section elementor-element elementor-element-e7bec30 elementor-section-boxed elementor-section-height-default elementor-section-height-default\" data-id=\"e7bec30\" data-element_type=\"section\">\n\t\t\t\t\t\t<div class=\"elementor-container elementor-column-gap-default\">\n\t\t\t\t\t<div class=\"elementor-column elementor-col-100 elementor-top-column elementor-element elementor-element-2a4d59c\" data-id=\"2a4d59c\" data-element_type=\"column\">\n\t\t\t<div class=\"elementor-widget-wrap elementor-element-populated\">\n\t\t\t\t\t\t<div class=\"elementor-element elementor-element-0b45664 elementor-widget elementor-widget-image\" data-id=\"0b45664\" data-element_type=\"widget\" data-widget_type=\"image.default\">\n\t\t\t\t<div class=\"elementor-widget-container\">\n\t\t\t\t\t\t\t\t\t\t\t\t\t\t\t<img fetchpriority=\"high\" decoding=\"async\" width=\"1181\" height=\"885\" src=\"https:\/\/costaparadisoresort.com\/wp-content\/uploads\/2019\/12\/servizi.jpg\" class=\"attachment-full size-full wp-image-379\" alt=\"services\" srcset=\"https:\/\/costaparadisoresort.com\/wp-content\/uploads\/2019\/12\/servizi.jpg 1181w, https:\/\/costaparadisoresort.com\/wp-content\/uploads\/2019\/12\/servizi-300x225.jpg 300w, https:\/\/costaparadisoresort.com\/wp-content\/uploads\/2019\/12\/servizi-1024x767.jpg 1024w, https:\/\/costaparadisoresort.com\/wp-content\/uploads\/2019\/12\/servizi-768x576.jpg 768w\" sizes=\"(max-width: 1181px) 100vw, 1181px\" \/>\t\t\t\t\t\t\t\t\t\t\t\t\t\t\t<\/div>\n\t\t\t\t<\/div>\n\t\t\t\t<div class=\"elementor-element elementor-element-0839e2a elementor-widget elementor-widget-text-editor\" data-id=\"0839e2a\" data-element_type=\"widget\" data-widget_type=\"text-editor.default\">\n\t\t\t\t<div class=\"elementor-widget-container\">\n\t\t\t\t\t\t\t\t\t<p><strong>Beschreibung und Service<\/strong><br \/>\nDas Meer erleben<br \/>\nDie legend\u00e4re Transparenz und die unglaublichen Meeresgr\u00fcnde machen diesen K\u00fcstenstreifen zu einem der begehrtesten Ziele f\u00fcr jeden Taucher. Das Meer Sardiniens erg\u00e4nzt die herrlich felsige K\u00fcste und die mediterrane Macchia und verwandelt diesen Ort in ein wahres Paradies. Jeder Ausflug wird zu einem besonderen Erlebnis, dies vor allem am Sonnenuntergang, wenn sich die Natur in all ihren magischen Schattierungen pr\u00e4sentiert.<\/p>\n<p><strong>Die Str\u00e4nde<\/strong><br \/>\nWer sich f\u00fcr einen Urlaub an der Costa Paradiso entscheidet, der sehnt sich nach dem Strand, dem Meer und der Sonne eines der zauberhaftesten Orte Sardiniens. Die perfekte Wahl, um gem\u00fctlich am Strand liegend das glasklare und smaragdgr\u00fcne Meer zu bewundern und die angenehmen und erholsamen Tage zu genie\u00dfen.<br \/>\nAn der Costa Paradiso erwartet Sie der Strand Cala Li Cossi, der nach einem 10 Minuten dauernden faszinierenden Spaziergang vom Parkplatz des kleinen Hafens aus zu erreichen ist. Au\u00dferhalb der Costa Paradiso gibt es au\u00dferdem zahlreiche weitere wundersch\u00f6ne Str\u00e4nde, die nur 20 bis 40 Autominuten entfernt sind.<\/p>\n<p><strong>Die Buchten<\/strong><br \/>\nDas Besondere an der Costa Paradiso sind die Buchten. Winzige, stets wechselnde Meeresbusen bilden eine Art von Schwimmbad mit kristallklarem und transparentem Wasser und sind nur vom Meer aus mit kleinen Miet- Schlauchbooten oder mit den gr\u00f6\u00dferen Shuttle- Schlauchbooten zu erreichen.<br \/>\nDie zahlreichen kleinen Buchten sind an der 8 km langen K\u00fcste verteilt und erstrecken sich von Punta Cruzitta bis hin zum Monte Tinnari. Hier erleben Sie jeden Morgen den Zauber einer neuen Entdeckung und k\u00f6nnen in die glasklaren Gew\u00e4sser eintauchen, um die wundersch\u00f6nen Meeresgr\u00fcnde zu erkunden.<\/p>\n<p><strong>Die Dienstleistungen von Costa Paradiso<\/strong><br \/>\nReserviertheit und Erholung f\u00fcr einen Urlaub am Meer. All dies erhalten Sie in den Ferienvillas von Costa Paradiso, einer Privatanlage an einem der sch\u00f6nsten und zauberhaftesten K\u00fcstenstreifen Sardiniens.<br \/>\nIm Resort Costa Paradiso werden Sie von unserem freundlichen Personal empfangen, das Ihnen die besten Str\u00e4nde empfiehlt, Ihnen bei der Reservierung Ihrer Ausfl\u00fcge hilft und Sie \u00fcber die unterhaltsamsten T\u00e4tigkeiten f\u00fcr Ihren Urlaub informiert.<br \/>\nDas Costa Paradiso bietet Ihnen au\u00dferdem zahlreiche Dienstleistungen: Minimarkt, Diskothek, Sportanlage (mit F\u00fcnferfu\u00dfball, Tennis und Schwimmbad), einen bequemen Parkplatz f\u00fcr Urlauber mit eigenem Fahrzeug und schlie\u00dflich unser Diving Center, das Ihnen die M\u00f6glichkeit gibt, die herrlichen Meeresgr\u00fcnde der Costa Paradiso zu erforschen. Ein Bereitschaftsdienst und Nachtwache erg\u00e4nzen die reiche Palette der Dienstleistungen f\u00fcr einen sicheren und erholsamen Aufenthalt.<\/p>\n<p><a href=\"http:\/\/www.piglet.it\/\" target=\"_blank\" rel=\"noopener\">Dienstleistungen<\/a><br \/>\nRezeption 24 h<br \/>\nMinimarkt<br \/>\nBar<br \/>\nRestaurant<br \/>\nSchwimmbad<br \/>\nReservierung von Ausfl\u00fcgen<br \/>\nTouristen- Info<br \/>\nIntern liegender Parkplatz<br \/>\nBereitschaftsdienst<\/p>\n<p><strong>Aktivit\u00e4ten<\/strong><br \/>\nDiving Center \/ Schlauchboot- Vermietung<br \/>\nSportanlage<\/p>\n\t\t\t\t\t\t\t\t<\/div>\n\t\t\t\t<\/div>\n\t\t\t\t\t<\/div>\n\t\t<\/div>\n\t\t\t\t\t<\/div>\n\t\t<\/section>\n\t\t\t\t<section class=\"elementor-section elementor-top-section elementor-element elementor-element-2c60278 elementor-section-boxed elementor-section-height-default elementor-section-height-default\" data-id=\"2c60278\" data-element_type=\"section\">\n\t\t\t\t\t\t<div class=\"elementor-container elementor-column-gap-default\">\n\t\t\t\t\t<div class=\"elementor-column elementor-col-100 elementor-top-column elementor-element elementor-element-9a93514\" data-id=\"9a93514\" data-element_type=\"column\">\n\t\t\t<div class=\"elementor-widget-wrap elementor-element-populated\">\n\t\t\t\t\t\t<div class=\"elementor-element elementor-element-eef7a6b elementor-widget elementor-widget-heading\" data-id=\"eef7a6b\" data-element_type=\"widget\" data-widget_type=\"heading.default\">\n\t\t\t\t<div class=\"elementor-widget-container\">\n\t\t\t\t\t<div class=\"elementor-heading-title elementor-size-default\">Folgen Sie uns auf Facebook:<\/div>\t\t\t\t<\/div>\n\t\t\t\t<\/div>\n\t\t\t\t\t<\/div>\n\t\t<\/div>\n\t\t\t\t\t<\/div>\n\t\t<\/section>\n\t\t\t\t<section class=\"elementor-section elementor-top-section elementor-element elementor-element-7af1079 elementor-section-boxed elementor-section-height-default elementor-section-height-default\" data-id=\"7af1079\" data-element_type=\"section\">\n\t\t\t\t\t\t<div class=\"elementor-container elementor-column-gap-default\">\n\t\t\t\t\t<div class=\"elementor-column elementor-col-100 elementor-top-column elementor-element elementor-element-d23b0c1\" data-id=\"d23b0c1\" data-element_type=\"column\">\n\t\t\t<div class=\"elementor-widget-wrap elementor-element-populated\">\n\t\t\t\t\t\t<section class=\"elementor-section elementor-inner-section elementor-element elementor-element-f7a2c4b elementor-section-boxed elementor-section-height-default elementor-section-height-default\" data-id=\"f7a2c4b\" data-element_type=\"section\">\n\t\t\t\t\t\t<div class=\"elementor-container elementor-column-gap-default\">\n\t\t\t\t\t<div class=\"elementor-column elementor-col-50 elementor-inner-column elementor-element elementor-element-e0bc88d\" data-id=\"e0bc88d\" data-element_type=\"column\">\n\t\t\t<div class=\"elementor-widget-wrap elementor-element-populated\">\n\t\t\t\t\t\t<div class=\"elementor-element elementor-element-87b9078 elementor-widget elementor-widget-heading\" data-id=\"87b9078\" data-element_type=\"widget\" data-widget_type=\"heading.default\">\n\t\t\t\t<div class=\"elementor-widget-container\">\n\t\t\t\t\t<div class=\"elementor-heading-title elementor-size-default\"> Piglet Collection - \"Einen Unterschied, den man sp\u00fcrt\"<\/div>\t\t\t\t<\/div>\n\t\t\t\t<\/div>\n\t\t\t\t<div class=\"elementor-element elementor-element-9e1616b elementor-widget elementor-widget-text-editor\" data-id=\"9e1616b\" data-element_type=\"widget\" data-widget_type=\"text-editor.default\">\n\t\t\t\t<div class=\"elementor-widget-container\">\n\t\t\t\t\t\t\t\t\t<p>Eine LP-Plattenh\u00fclle: aber ohne Platte, sondern mit einem zu 100 % in Italien hergestellten tollen Polo-Shirt zum Sammeln.<br \/>\nPiglet hei\u00dft &#8222;Wildschweinchen&#8220;. Das ist unser Maskottchen, welches die Umgebung der Costa Paradiso besiedelt und unser Markenzeichen inspiriert hat. Eine limitierte Polo- und T- Shirt Kollektion aus bester Baumwolle f\u00fcr Herren. Die besondere Aufmerksamkeit f\u00fcr Details, Stil und Kleidsamkeit f\u00fcr ein herrlich angenehmes Tragegef\u00fchl. Ein absolutes Muss f\u00fcr Liebhaber italienischer Qualit\u00e4t.<\/p>\n\t\t\t\t\t\t\t\t<\/div>\n\t\t\t\t<\/div>\n\t\t\t\t<div class=\"elementor-element elementor-element-a20478e elementor-widget elementor-widget-text-editor\" data-id=\"a20478e\" data-element_type=\"widget\" data-widget_type=\"text-editor.default\">\n\t\t\t\t<div class=\"elementor-widget-container\">\n\t\t\t\t\t\t\t\t\t<p><span style=\"color: #333333;\"><a style=\"color: #333333;\" href=\"http:\/\/www.piglet.it\/\"><br \/>\nBesuchen Sie unsere Website<\/a><\/span><\/p>\n\t\t\t\t\t\t\t\t<\/div>\n\t\t\t\t<\/div>\n\t\t\t\t\t<\/div>\n\t\t<\/div>\n\t\t\t\t<div class=\"elementor-column elementor-col-50 elementor-inner-column elementor-element elementor-element-2654346\" data-id=\"2654346\" data-element_type=\"column\">\n\t\t\t<div class=\"elementor-widget-wrap elementor-element-populated\">\n\t\t\t\t\t\t<div class=\"elementor-element elementor-element-77eda1a elementor-widget elementor-widget-image\" data-id=\"77eda1a\" data-element_type=\"widget\" data-widget_type=\"image.default\">\n\t\t\t\t<div class=\"elementor-widget-container\">\n\t\t\t\t\t\t\t\t\t\t\t\t\t\t\t<img decoding=\"async\" width=\"500\" height=\"700\" src=\"https:\/\/costaparadisoresort.com\/wp-content\/uploads\/2019\/12\/vert-1-2.jpg\" class=\"attachment-large size-large wp-image-383\" alt=\"\" srcset=\"https:\/\/costaparadisoresort.com\/wp-content\/uploads\/2019\/12\/vert-1-2.jpg 500w, https:\/\/costaparadisoresort.com\/wp-content\/uploads\/2019\/12\/vert-1-2-214x300.jpg 214w\" sizes=\"(max-width: 500px) 100vw, 500px\" \/>\t\t\t\t\t\t\t\t\t\t\t\t\t\t\t<\/div>\n\t\t\t\t<\/div>\n\t\t\t\t\t<\/div>\n\t\t<\/div>\n\t\t\t\t\t<\/div>\n\t\t<\/section>\n\t\t\t\t\t<\/div>\n\t\t<\/div>\n\t\t\t\t\t<\/div>\n\t\t<\/section>\n\t\t\t\t<\/div>\n\t\t","protected":false},"excerpt":{"rendered":"<p>Beschreibung und Service Beschreibung und Service Das Meer erleben Die legend\u00e4re Transparenz und die unglaublichen Meeresgr\u00fcnde machen diesen K\u00fcstenstreifen zu einem der begehrtesten Ziele f\u00fcr jeden Taucher. Das Meer Sardiniens erg\u00e4nzt die herrlich felsige K\u00fcste und die mediterrane Macchia und verwandelt diesen Ort in ein wahres Paradies. Jeder Ausflug wird zu einem besonderen Erlebnis, dies [&#8230;]<\/p>\n<p><a class=\"btn btn-secondary understrap-read-more-link\" href=\"https:\/\/costaparadisoresort.com\/de\/services\/\">Read More&#8230;<\/a><\/p>\n","protected":false},"author":1,"featured_media":0,"parent":0,"menu_order":0,"comment_status":"closed","ping_status":"closed","template":"elementor_header_footer","meta":{"footnotes":""},"class_list":["post-497","page","type-page","status-publish","hentry"],"_links":{"self":[{"href":"https:\/\/costaparadisoresort.com\/de\/wp-json\/wp\/v2\/pages\/497","targetHints":{"allow":["GET"]}}],"collection":[{"href":"https:\/\/costaparadisoresort.com\/de\/wp-json\/wp\/v2\/pages"}],"about":[{"href":"https:\/\/costaparadisoresort.com\/de\/wp-json\/wp\/v2\/types\/page"}],"author":[{"embeddable":true,"href":"https:\/\/costaparadisoresort.com\/de\/wp-json\/wp\/v2\/users\/1"}],"replies":[{"embeddable":true,"href":"https:\/\/costaparadisoresort.com\/de\/wp-json\/wp\/v2\/comments?post=497"}],"version-history":[{"count":1,"href":"https:\/\/costaparadisoresort.com\/de\/wp-json\/wp\/v2\/pages\/497\/revisions"}],"predecessor-version":[{"id":498,"href":"https:\/\/costaparadisoresort.com\/de\/wp-json\/wp\/v2\/pages\/497\/revisions\/498"}],"wp:attachment":[{"href":"https:\/\/costaparadisoresort.com\/de\/wp-json\/wp\/v2\/media?parent=497"}],"curies":[{"name":"wp","href":"https:\/\/api.w.org\/{rel}","templated":true}]}}