{"id":468,"date":"2019-12-27T09:01:52","date_gmt":"2019-12-27T09:01:52","guid":{"rendered":"https:\/\/costaparadisoresort.com\/?page_id=468"},"modified":"2021-08-23T09:50:53","modified_gmt":"2021-08-23T09:50:53","slug":"home-page","status":"publish","type":"page","link":"https:\/\/costaparadisoresort.com\/de\/","title":{"rendered":"home page"},"content":{"rendered":"\t\t<div data-elementor-type=\"wp-page\" data-elementor-id=\"468\" class=\"elementor elementor-468 elementor-14\">\n\t\t\t\t\t\t<section class=\"elementor-section elementor-top-section elementor-element elementor-element-087ee7b elementor-section-boxed elementor-section-height-default elementor-section-height-default\" data-id=\"087ee7b\" data-element_type=\"section\">\n\t\t\t\t\t\t<div class=\"elementor-container elementor-column-gap-default\">\n\t\t\t\t\t<div class=\"elementor-column elementor-col-100 elementor-top-column elementor-element elementor-element-5314486\" data-id=\"5314486\" data-element_type=\"column\">\n\t\t\t<div class=\"elementor-widget-wrap\">\n\t\t\t\t\t\t\t<\/div>\n\t\t<\/div>\n\t\t\t\t\t<\/div>\n\t\t<\/section>\n\t\t\t\t<section class=\"elementor-section elementor-top-section elementor-element elementor-element-3b68b1c elementor-section-height-min-height elementor-section-boxed elementor-section-height-default elementor-section-items-middle\" data-id=\"3b68b1c\" data-element_type=\"section\" data-settings=\"{&quot;background_background&quot;:&quot;classic&quot;}\">\n\t\t\t\t\t\t<div class=\"elementor-container elementor-column-gap-default\">\n\t\t\t\t\t<div class=\"elementor-column elementor-col-100 elementor-top-column elementor-element elementor-element-555f1fa elementor-hidden-phone elementor-hidden-tablet\" data-id=\"555f1fa\" data-element_type=\"column\" data-settings=\"{&quot;background_background&quot;:&quot;classic&quot;}\">\n\t\t\t<div class=\"elementor-widget-wrap elementor-element-populated\">\n\t\t\t\t\t\t<div class=\"elementor-element elementor-element-758e113 elementor-hidden-desktop elementor-widget elementor-widget-spacer\" data-id=\"758e113\" data-element_type=\"widget\" data-widget_type=\"spacer.default\">\n\t\t\t\t<div class=\"elementor-widget-container\">\n\t\t\t\t\t\t\t<div class=\"elementor-spacer\">\n\t\t\t<div class=\"elementor-spacer-inner\"><\/div>\n\t\t<\/div>\n\t\t\t\t\t\t<\/div>\n\t\t\t\t<\/div>\n\t\t\t\t<div class=\"elementor-element elementor-element-9202480 elementor-widget elementor-widget-spacer\" data-id=\"9202480\" data-element_type=\"widget\" data-widget_type=\"spacer.default\">\n\t\t\t\t<div class=\"elementor-widget-container\">\n\t\t\t\t\t\t\t<div class=\"elementor-spacer\">\n\t\t\t<div class=\"elementor-spacer-inner\"><\/div>\n\t\t<\/div>\n\t\t\t\t\t\t<\/div>\n\t\t\t\t<\/div>\n\t\t\t\t<div class=\"elementor-element elementor-element-5838a2f elementor-widget elementor-widget-heading\" data-id=\"5838a2f\" data-element_type=\"widget\" data-widget_type=\"heading.default\">\n\t\t\t\t<div class=\"elementor-widget-container\">\n\t\t\t\t\t<h2 class=\"elementor-heading-title elementor-size-default\">Willkommen im Paradies<\/h2>\t\t\t\t<\/div>\n\t\t\t\t<\/div>\n\t\t\t\t<div class=\"elementor-element elementor-element-5feb0d5 elementor-widget elementor-widget-text-editor\" data-id=\"5feb0d5\" data-element_type=\"widget\" data-widget_type=\"text-editor.default\">\n\t\t\t\t<div class=\"elementor-widget-container\">\n\t\t\t\t\t\t\t\t\t<p style=\"text-align: center;\">Besuchen Sie den exklusivsten Strand Sardiniens: Das Costa Paradiso Resort ist die ideale Wahl f\u00fcr einen Urlaub am Meer, inmitten einer unber\u00fchrten Natur und in ruhigen kleinen Buchten, die glasklares Wasser und herrliche Sonnenunterg\u00e4nge zu bieten haben.<br \/>\nIn einer traumhaften Umgebung zwischen Porto Torres und Santa Teresa di Gallura, mitten im romantischen Herzen Sardiniens genie\u00dfen Sie den modernen Komfort in den Ferienh\u00e4usern des Costa Paradiso Resort. Sie sind gem\u00fctlich und mit Sinn f\u00fcr Detail eingerichtet und haben einen eigenen Garten sowie.<br \/>\nCosta Paradiso ist einer der sch\u00f6nsten Orte Sardiniens, der auf der ganzen Welt aufgrund des sch\u00f6nen Meeres und der nat\u00fcrlichen Schwimmbecken bekannt ist, die der Wind als Bildhauer in Felsen geschlagen hat; ein Badeparadies inmitten mediterraner Vegetation, die Sie einfach sprachlos macht.<\/p>\n\t\t\t\t\t\t\t\t<\/div>\n\t\t\t\t<\/div>\n\t\t\t\t\t<\/div>\n\t\t<\/div>\n\t\t\t\t\t<\/div>\n\t\t<\/section>\n\t\t\t\t<section class=\"elementor-section elementor-top-section elementor-element elementor-element-0653a1f elementor-section-height-min-height elementor-hidden-tablet elementor-hidden-phone elementor-section-boxed elementor-section-height-default elementor-section-items-middle\" data-id=\"0653a1f\" data-element_type=\"section\" data-settings=\"{&quot;background_background&quot;:&quot;classic&quot;}\">\n\t\t\t\t\t\t<div class=\"elementor-container elementor-column-gap-default\">\n\t\t\t\t\t<div class=\"elementor-column elementor-col-100 elementor-top-column elementor-element elementor-element-702dc36\" data-id=\"702dc36\" data-element_type=\"column\" data-settings=\"{&quot;background_background&quot;:&quot;classic&quot;}\">\n\t\t\t<div class=\"elementor-widget-wrap elementor-element-populated\">\n\t\t\t\t\t\t<div class=\"elementor-element elementor-element-1d8a0e9 elementor-widget elementor-widget-heading\" data-id=\"1d8a0e9\" data-element_type=\"widget\" data-widget_type=\"heading.default\">\n\t\t\t\t<div class=\"elementor-widget-container\">\n\t\t\t\t\t<h2 class=\"elementor-heading-title elementor-size-default\">VERTRAUEN SIE AUF UNS!<\/h2>\t\t\t\t<\/div>\n\t\t\t\t<\/div>\n\t\t\t\t<div class=\"elementor-element elementor-element-957cf30 elementor-widget elementor-widget-image\" data-id=\"957cf30\" data-element_type=\"widget\" data-widget_type=\"image.default\">\n\t\t\t\t<div class=\"elementor-widget-container\">\n\t\t\t\t\t\t\t\t\t\t\t\t\t\t\t<img fetchpriority=\"high\" decoding=\"async\" width=\"640\" height=\"122\" src=\"https:\/\/costaparadisoresort.com\/wp-content\/uploads\/2019\/12\/satisfaction_guaranteed-1024x195.png\" class=\"attachment-large size-large wp-image-343\" alt=\"satisfaction_guaranteed\" srcset=\"https:\/\/costaparadisoresort.com\/wp-content\/uploads\/2019\/12\/satisfaction_guaranteed-1024x195.png 1024w, https:\/\/costaparadisoresort.com\/wp-content\/uploads\/2019\/12\/satisfaction_guaranteed-300x57.png 300w, https:\/\/costaparadisoresort.com\/wp-content\/uploads\/2019\/12\/satisfaction_guaranteed-768x146.png 768w, https:\/\/costaparadisoresort.com\/wp-content\/uploads\/2019\/12\/satisfaction_guaranteed-1536x292.png 1536w, https:\/\/costaparadisoresort.com\/wp-content\/uploads\/2019\/12\/satisfaction_guaranteed-2048x390.png 2048w, https:\/\/costaparadisoresort.com\/wp-content\/uploads\/2019\/12\/satisfaction_guaranteed-1200x228.png 1200w, https:\/\/costaparadisoresort.com\/wp-content\/uploads\/2019\/12\/satisfaction_guaranteed-1980x377.png 1980w\" sizes=\"(max-width: 640px) 100vw, 640px\" \/>\t\t\t\t\t\t\t\t\t\t\t\t\t\t\t<\/div>\n\t\t\t\t<\/div>\n\t\t\t\t<div class=\"elementor-element elementor-element-da13d76 elementor-widget elementor-widget-text-editor\" data-id=\"da13d76\" data-element_type=\"widget\" data-widget_type=\"text-editor.default\">\n\t\t\t\t<div class=\"elementor-widget-container\">\n\t\t\t\t\t\t\t\t\t<p style=\"text-align: center;\">Auf das Costa Paradiso Resort k\u00f6nnen Sie sich verlassen. Wir garantieren f\u00fcr den Qualit\u00e4tsstandard unserer gro\u00dfen und kleinen Villen durch ein rigoroses Klassifikationssytem, damit Sie wirklich einen Traumurlaub ohne unangenehme \u00dcberraschungen erleben k\u00f6nnen.<br \/>\nBei uns kaufen Sie genau das, was Sie online sehen, Sie werden von der Auswahl der Villa bis zur Abreise kompetent beraten, und Sie k\u00f6nnen Ihre Zahlungen absolut sicher und ohne Risiken abschlie\u00dfen.<br \/>\nTransparenz und Professionalit\u00e4t sind unsere Werte, Ihre Zufriedenheit ist unser Ziel.<\/p>\n\t\t\t\t\t\t\t\t<\/div>\n\t\t\t\t<\/div>\n\t\t\t\t\t<\/div>\n\t\t<\/div>\n\t\t\t\t\t<\/div>\n\t\t<\/section>\n\t\t\t\t<section class=\"elementor-section elementor-top-section elementor-element elementor-element-be4ce7f elementor-hidden-desktop elementor-section-boxed elementor-section-height-default elementor-section-height-default\" data-id=\"be4ce7f\" data-element_type=\"section\">\n\t\t\t\t\t\t<div class=\"elementor-container elementor-column-gap-default\">\n\t\t\t\t\t<div class=\"elementor-column elementor-col-100 elementor-top-column elementor-element elementor-element-419c1ac\" data-id=\"419c1ac\" data-element_type=\"column\">\n\t\t\t<div class=\"elementor-widget-wrap elementor-element-populated\">\n\t\t\t\t\t\t<div class=\"elementor-element elementor-element-849fab8 elementor-widget elementor-widget-heading\" data-id=\"849fab8\" data-element_type=\"widget\" data-widget_type=\"heading.default\">\n\t\t\t\t<div class=\"elementor-widget-container\">\n\t\t\t\t\t<h2 class=\"elementor-heading-title elementor-size-default\">Villen<\/h2>\t\t\t\t<\/div>\n\t\t\t\t<\/div>\n\t\t\t\t\t<\/div>\n\t\t<\/div>\n\t\t\t\t\t<\/div>\n\t\t<\/section>\n\t\t\t\t<section class=\"elementor-section elementor-top-section elementor-element elementor-element-bb316e2 elementor-section-boxed elementor-section-height-default elementor-section-height-default\" data-id=\"bb316e2\" data-element_type=\"section\">\n\t\t\t\t\t\t<div class=\"elementor-container elementor-column-gap-default\">\n\t\t\t\t\t<div class=\"elementor-column elementor-col-100 elementor-top-column elementor-element elementor-element-31ff6bc\" data-id=\"31ff6bc\" data-element_type=\"column\">\n\t\t\t<div class=\"elementor-widget-wrap elementor-element-populated\">\n\t\t\t\t\t\t<div class=\"elementor-element elementor-element-2fa5414 elementor-widget elementor-widget-shortcode\" data-id=\"2fa5414\" data-element_type=\"widget\" data-widget_type=\"shortcode.default\">\n\t\t\t\t<div class=\"elementor-widget-container\">\n\t\t\t\t\t\t\t<div class=\"elementor-shortcode\"> \t<div class=\"container\">\n\t\t<div class=\"row\" id=\"kross-grid-container\">\n\t\t\t\t\t\t\t\t<div class=\"box-style room col-lg-4 col-md-4 mb-5\">\n\t\t\t\t\t\t<figure class=\"parent mb-3 box\">\n\t\t\t\t\t\t\t<a href=\"https:\/\/costaparadisoresort.kross.travel\/first-row\/suite-cristallo?lang=en\" class=\"underl\">\n\t\t\t\t\t\t\t\t<img decoding=\"async\" src=\"https:\/\/cdn.krossbooking.com\/costaparadisoresort\/images\/3\/7\/1573550368543.jpg\" class=\"img-fluid\" alt=\"Suite Cristallo\">\n\t\t\t\t\t\t\t\t<div class=\"overlay-city text-decoration-none \">\n\t\t\t\t\t\t\t\t\t<div class=\"cnt-details\">\n\t\t\t\t\t\t\t\t\t\t<h4 class=\"title-city pt-4 pb-4\">Suite Cristallo<\/h4>\n\t\t\t\t\t\t\t\t\t\t<div class=\"price-cnt \">\n\t\t\t\t\t\t\t\t\t\t\t<span class=\"price-text \"> ab<\/span>\n\t\t\t\t\t\t\t\t\t\t\t<span class=\"price-apt \">\u20ac 180 <\/span>\n\t\t\t\t\t\t\t\t\t\t\t<span class=\"price-text \">  per night<\/span>\n\t\t\t\t\t\t\t\t\t\t<\/div>\n\t\t\t\t\t\t\t\t\t<\/div>\n\t\t\t\t\t\t\t\t<\/div>\n\t\t\t\t\t\t\t<\/a>\n\t\t\t\t\t\t<\/figure>\n\t\t\t\t\t<\/div>\n\t\t\t\t\t\t\t\t<div class=\"box-style room col-lg-4 col-md-4 mb-5\">\n\t\t\t\t\t\t<figure class=\"parent mb-3 box\">\n\t\t\t\t\t\t\t<a href=\"https:\/\/costaparadisoresort.kross.travel\/la-sorgente\/suite-rosa-9?lang=en\" class=\"underl\">\n\t\t\t\t\t\t\t\t<img decoding=\"async\" src=\"https:\/\/cdn.krossbooking.com\/costaparadisoresort\/images\/3\/20\/16266121771374.jpg\" class=\"img-fluid\" alt=\"Suite Rosa 9\">\n\t\t\t\t\t\t\t\t<div class=\"overlay-city text-decoration-none \">\n\t\t\t\t\t\t\t\t\t<div class=\"cnt-details\">\n\t\t\t\t\t\t\t\t\t\t<h4 class=\"title-city pt-4 pb-4\">Suite Rosa 9<\/h4>\n\t\t\t\t\t\t\t\t\t\t<div class=\"price-cnt \">\n\t\t\t\t\t\t\t\t\t\t\t<span class=\"price-text \"> ab<\/span>\n\t\t\t\t\t\t\t\t\t\t\t<span class=\"price-apt \">\u20ac 250 <\/span>\n\t\t\t\t\t\t\t\t\t\t\t<span class=\"price-text \">  per night<\/span>\n\t\t\t\t\t\t\t\t\t\t<\/div>\n\t\t\t\t\t\t\t\t\t<\/div>\n\t\t\t\t\t\t\t\t<\/div>\n\t\t\t\t\t\t\t<\/a>\n\t\t\t\t\t\t<\/figure>\n\t\t\t\t\t<\/div>\n\t\t\t\t\t\t\t\t<div class=\"box-style room col-lg-4 col-md-4 mb-5\">\n\t\t\t\t\t\t<figure class=\"parent mb-3 box\">\n\t\t\t\t\t\t\t<a href=\"https:\/\/costaparadisoresort.kross.travel\/villa-letizia?lang=en\" class=\"underl\">\n\t\t\t\t\t\t\t\t<img decoding=\"async\" src=\"https:\/\/cdn.krossbooking.com\/costaparadisoresort\/images\/3\/31\/16259997171173.jpg\" class=\"img-fluid\" alt=\"Villa Letizia\">\n\t\t\t\t\t\t\t\t<div class=\"overlay-city text-decoration-none \">\n\t\t\t\t\t\t\t\t\t<div class=\"cnt-details\">\n\t\t\t\t\t\t\t\t\t\t<h4 class=\"title-city pt-4 pb-4\">Villa Letizia<\/h4>\n\t\t\t\t\t\t\t\t\t\t<div class=\"price-cnt \">\n\t\t\t\t\t\t\t\t\t\t\t<span class=\"price-text \"> ab<\/span>\n\t\t\t\t\t\t\t\t\t\t\t<span class=\"price-apt \">\u20ac 300 <\/span>\n\t\t\t\t\t\t\t\t\t\t\t<span class=\"price-text \">  per night<\/span>\n\t\t\t\t\t\t\t\t\t\t<\/div>\n\t\t\t\t\t\t\t\t\t<\/div>\n\t\t\t\t\t\t\t\t<\/div>\n\t\t\t\t\t\t\t<\/a>\n\t\t\t\t\t\t<\/figure>\n\t\t\t\t\t<\/div>\n\t\t\t\t\t\t\t\t<div class=\"box-style room col-lg-4 col-md-4 mb-5\">\n\t\t\t\t\t\t<figure class=\"parent mb-3 box\">\n\t\t\t\t\t\t\t<a href=\"https:\/\/costaparadisoresort.kross.travel\/first-row\/suite-cristallo?lang=en\" class=\"underl\">\n\t\t\t\t\t\t\t\t<img decoding=\"async\" src=\"\" class=\"img-fluid\" alt=\"Suite Cristallo\">\n\t\t\t\t\t\t\t\t<div class=\"overlay-city text-decoration-none \">\n\t\t\t\t\t\t\t\t\t<div class=\"cnt-details\">\n\t\t\t\t\t\t\t\t\t\t<h4 class=\"title-city pt-4 pb-4\">Suite Cristallo<\/h4>\n\t\t\t\t\t\t\t\t\t\t<div class=\"price-cnt \">\n\t\t\t\t\t\t\t\t\t\t\t<span class=\"price-text \"> ab<\/span>\n\t\t\t\t\t\t\t\t\t\t\t<span class=\"price-apt \">\u20ac 180 <\/span>\n\t\t\t\t\t\t\t\t\t\t\t<span class=\"price-text \">  per night<\/span>\n\t\t\t\t\t\t\t\t\t\t<\/div>\n\t\t\t\t\t\t\t\t\t<\/div>\n\t\t\t\t\t\t\t\t<\/div>\n\t\t\t\t\t\t\t<\/a>\n\t\t\t\t\t\t<\/figure>\n\t\t\t\t\t<\/div>\n\t\t\t\t\t\t\t\t<div class=\"box-style room col-lg-4 col-md-4 mb-5\">\n\t\t\t\t\t\t<figure class=\"parent mb-3 box\">\n\t\t\t\t\t\t\t<a href=\"https:\/\/costaparadisoresort.kross.travel\/prima-fila\/villa-cobalto?lang=en\" class=\"underl\">\n\t\t\t\t\t\t\t\t<img decoding=\"async\" src=\"https:\/\/cdn.krossbooking.com\/costaparadisoresort\/images\/3\/2\/15742477587157.jpg\" class=\"img-fluid\" alt=\"Villa Cobalto\">\n\t\t\t\t\t\t\t\t<div class=\"overlay-city text-decoration-none \">\n\t\t\t\t\t\t\t\t\t<div class=\"cnt-details\">\n\t\t\t\t\t\t\t\t\t\t<h4 class=\"title-city pt-4 pb-4\">Villa Cobalto<\/h4>\n\t\t\t\t\t\t\t\t\t\t<div class=\"price-cnt \">\n\t\t\t\t\t\t\t\t\t\t\t<span class=\"price-text \"> ab<\/span>\n\t\t\t\t\t\t\t\t\t\t\t<span class=\"price-apt \">\u20ac 299 <\/span>\n\t\t\t\t\t\t\t\t\t\t\t<span class=\"price-text \">  per night<\/span>\n\t\t\t\t\t\t\t\t\t\t<\/div>\n\t\t\t\t\t\t\t\t\t<\/div>\n\t\t\t\t\t\t\t\t<\/div>\n\t\t\t\t\t\t\t<\/a>\n\t\t\t\t\t\t<\/figure>\n\t\t\t\t\t<\/div>\n\t\t\t\t\t\t\t\t<div class=\"box-style room col-lg-4 col-md-4 mb-5\">\n\t\t\t\t\t\t<figure class=\"parent mb-3 box\">\n\t\t\t\t\t\t\t<a href=\"https:\/\/costaparadisoresort.kross.travel\/la-sorgente\/suite-rosa-8?lang=en\" class=\"underl\">\n\t\t\t\t\t\t\t\t<img decoding=\"async\" src=\"https:\/\/cdn.krossbooking.com\/costaparadisoresort\/images\/3\/14\/15741607162402.jpg\" class=\"img-fluid\" alt=\"Suite Rosa 8\">\n\t\t\t\t\t\t\t\t<div class=\"overlay-city text-decoration-none \">\n\t\t\t\t\t\t\t\t\t<div class=\"cnt-details\">\n\t\t\t\t\t\t\t\t\t\t<h4 class=\"title-city pt-4 pb-4\">Suite Rosa 8<\/h4>\n\t\t\t\t\t\t\t\t\t\t<div class=\"price-cnt \">\n\t\t\t\t\t\t\t\t\t\t\t<span class=\"price-text \"> ab<\/span>\n\t\t\t\t\t\t\t\t\t\t\t<span class=\"price-apt \">\u20ac 220 <\/span>\n\t\t\t\t\t\t\t\t\t\t\t<span class=\"price-text \">  per night<\/span>\n\t\t\t\t\t\t\t\t\t\t<\/div>\n\t\t\t\t\t\t\t\t\t<\/div>\n\t\t\t\t\t\t\t\t<\/div>\n\t\t\t\t\t\t\t<\/a>\n\t\t\t\t\t\t<\/figure>\n\t\t\t\t\t<\/div>\n\t\t\t\t\t<\/div>\n\t<\/div>\n\n\t <\/div>\n\t\t\t\t\t\t<\/div>\n\t\t\t\t<\/div>\n\t\t\t\t\t<\/div>\n\t\t<\/div>\n\t\t\t\t\t<\/div>\n\t\t<\/section>\n\t\t\t\t<section class=\"elementor-section elementor-top-section elementor-element elementor-element-ad054fb elementor-section-boxed elementor-section-height-default elementor-section-height-default\" data-id=\"ad054fb\" data-element_type=\"section\">\n\t\t\t\t\t\t<div class=\"elementor-container elementor-column-gap-default\">\n\t\t\t\t\t<div class=\"elementor-column elementor-col-100 elementor-top-column elementor-element elementor-element-981d6ef\" data-id=\"981d6ef\" data-element_type=\"column\">\n\t\t\t<div class=\"elementor-widget-wrap elementor-element-populated\">\n\t\t\t\t\t\t<div class=\"elementor-element elementor-element-c31dc64 elementor-align-center elementor-widget elementor-widget-button\" data-id=\"c31dc64\" data-element_type=\"widget\" data-widget_type=\"button.default\">\n\t\t\t\t<div class=\"elementor-widget-container\">\n\t\t\t\t\t\t\t\t\t<div class=\"elementor-button-wrapper\">\n\t\t\t\t\t<a class=\"elementor-button elementor-button-link elementor-size-lg\" href=\"https:\/\/costaparadisoresort.kross.travel\/en\/villas\">\n\t\t\t\t\t\t<span class=\"elementor-button-content-wrapper\">\n\t\t\t\t\t\t<span class=\"elementor-button-icon\">\n\t\t\t\t<i aria-hidden=\"true\" class=\"fas fa-arrow-right\"><\/i>\t\t\t<\/span>\n\t\t\t\t\t\t\t\t\t<span class=\"elementor-button-text\">ALLE SEHEN<\/span>\n\t\t\t\t\t<\/span>\n\t\t\t\t\t<\/a>\n\t\t\t\t<\/div>\n\t\t\t\t\t\t\t\t<\/div>\n\t\t\t\t<\/div>\n\t\t\t\t\t<\/div>\n\t\t<\/div>\n\t\t\t\t\t<\/div>\n\t\t<\/section>\n\t\t\t\t<section class=\"elementor-section elementor-top-section elementor-element elementor-element-02581ca elementor-section-boxed elementor-section-height-default elementor-section-height-default\" data-id=\"02581ca\" data-element_type=\"section\">\n\t\t\t\t\t\t<div class=\"elementor-container elementor-column-gap-default\">\n\t\t\t\t\t<div class=\"elementor-column elementor-col-100 elementor-top-column elementor-element elementor-element-d004fa4\" data-id=\"d004fa4\" data-element_type=\"column\">\n\t\t\t<div class=\"elementor-widget-wrap elementor-element-populated\">\n\t\t\t\t\t\t<div class=\"elementor-element elementor-element-17429b8 elementor-widget elementor-widget-spacer\" data-id=\"17429b8\" data-element_type=\"widget\" data-widget_type=\"spacer.default\">\n\t\t\t\t<div class=\"elementor-widget-container\">\n\t\t\t\t\t\t\t<div class=\"elementor-spacer\">\n\t\t\t<div class=\"elementor-spacer-inner\"><\/div>\n\t\t<\/div>\n\t\t\t\t\t\t<\/div>\n\t\t\t\t<\/div>\n\t\t\t\t\t<\/div>\n\t\t<\/div>\n\t\t\t\t\t<\/div>\n\t\t<\/section>\n\t\t\t\t<section class=\"elementor-section elementor-top-section elementor-element elementor-element-db98bf7 elementor-section-height-min-height elementor-section-boxed elementor-section-height-default elementor-section-items-middle\" data-id=\"db98bf7\" data-element_type=\"section\" data-settings=\"{&quot;background_background&quot;:&quot;classic&quot;}\">\n\t\t\t\t\t\t<div class=\"elementor-container elementor-column-gap-default\">\n\t\t\t\t\t<div class=\"elementor-column elementor-col-50 elementor-top-column elementor-element elementor-element-e101306\" data-id=\"e101306\" data-element_type=\"column\" data-settings=\"{&quot;background_background&quot;:&quot;classic&quot;}\">\n\t\t\t<div class=\"elementor-widget-wrap elementor-element-populated\">\n\t\t\t\t\t\t<div class=\"elementor-element elementor-element-04dd86c elementor-widget elementor-widget-text-editor\" data-id=\"04dd86c\" data-element_type=\"widget\" data-widget_type=\"text-editor.default\">\n\t\t\t\t<div class=\"elementor-widget-container\">\n\t\t\t\t\t\t\t\t\t<p>Haben Sie die gew\u00fcnschte Villa nicht gefunden?<\/p>\n\t\t\t\t\t\t\t\t<\/div>\n\t\t\t\t<\/div>\n\t\t\t\t<div class=\"elementor-element elementor-element-7e8a67c elementor-widget elementor-widget-text-editor\" data-id=\"7e8a67c\" data-element_type=\"widget\" data-widget_type=\"text-editor.default\">\n\t\t\t\t<div class=\"elementor-widget-container\">\n\t\t\t\t\t\t\t\t\t<p>Wir haben andere Villen, die f\u00fcr Ihre Bed\u00fcrfnisse geeignet sind. Z\u00f6gern Sie nicht uns zu kontaktieren!<\/p>\n<div class=\"caldera-grid\" id=\"caldera_form_1\" data-cf-ver=\"1.9.4\" data-cf-form-id=\"CF5de523db1213c\"><div id=\"caldera_notices_1\" data-spinner=\"https:\/\/costaparadisoresort.com\/wp-admin\/images\/spinner.gif\"><\/div><form data-instance=\"1\" class=\"CF5de523db1213c caldera_forms_form cfajax-trigger\" method=\"POST\" enctype=\"multipart\/form-data\" id=\"CF5de523db1213c_1\" data-form-id=\"CF5de523db1213c\" aria-label=\"costa paradiso1\" data-target=\"#caldera_notices_1\" data-template=\"#cfajax_CF5de523db1213c-tmpl\" data-cfajax=\"CF5de523db1213c\" data-load-element=\"_parent\" data-load-class=\"cf_processing\" data-post-disable=\"0\" data-action=\"cf_process_ajax_submit\" data-request=\"https:\/\/costaparadisoresort.com\/de\/\/cf-api\/CF5de523db1213c\" data-hiderows=\"true\">\r\n<input type=\"hidden\" id=\"_cf_verify_CF5de523db1213c\" name=\"_cf_verify\" value=\"9f11e045ed\"  data-nonce-time=\"1775707842\" \/><input type=\"hidden\" name=\"_wp_http_referer\" value=\"\/de\/wp-json\/wp\/v2\/pages\/468\" \/><div id=\"cf2-CF5de523db1213c_1\"><\/div><input type=\"hidden\" name=\"_cf_frm_id\" value=\"CF5de523db1213c\">\r\n<input type=\"hidden\" name=\"_cf_frm_ct\" value=\"1\">\r\n<input type=\"hidden\" name=\"cfajax\" value=\"CF5de523db1213c\">\r\n<input type=\"hidden\" name=\"_cf_cr_pst\" value=\"468\">\r\n<div class=\"hide\" style=\"display:none; overflow:hidden;height:0;width:0;\">\r\n<label>Order Number<\/label><input type=\"text\" name=\"order_number\" value=\"\" autocomplete=\"off\">\r\n<\/div><div id=\"CF5de523db1213c_1-row-1\"  class=\"row  first_row\"><div  class=\"col-sm-12  single\"><\/div><\/div><div id=\"CF5de523db1213c_1-row-2\"  class=\"row \"><div  class=\"col-sm-6  first_col\"><div data-field-wrapper=\"fld_8768091\" class=\"form-group\" id=\"fld_8768091_1-wrap\">\r\n\t<label id=\"fld_8768091Label\" for=\"fld_8768091_1\" class=\"control-label\">Nome <span aria-hidden=\"true\" role=\"presentation\" class=\"field_required\" style=\"color:#ee0000;\">*<\/span><\/label>\r\n\t<div class=\"\">\r\n\t\t<input   required type=\"text\" data-field=\"fld_8768091\" class=\" form-control\" id=\"fld_8768091_1\" name=\"fld_8768091\" value=\"\" data-type=\"text\" aria-required=\"true\"   aria-labelledby=\"fld_8768091Label\" >\t\t\t<\/div>\r\n<\/div>\r\n<\/div><div  class=\"col-sm-6  last_col\"><div data-field-wrapper=\"fld_9970286\" class=\"form-group\" id=\"fld_9970286_1-wrap\">\r\n\t<label id=\"fld_9970286Label\" for=\"fld_9970286_1\" class=\"control-label\">Cognome <span aria-hidden=\"true\" role=\"presentation\" class=\"field_required\" style=\"color:#ee0000;\">*<\/span><\/label>\r\n\t<div class=\"\">\r\n\t\t<input   required type=\"text\" data-field=\"fld_9970286\" class=\" form-control\" id=\"fld_9970286_1\" name=\"fld_9970286\" value=\"\" data-type=\"text\" aria-required=\"true\"   aria-labelledby=\"fld_9970286Label\" >\t\t\t<\/div>\r\n<\/div>\r\n<\/div><\/div><div id=\"CF5de523db1213c_1-row-3\"  class=\"row \"><div  class=\"col-sm-6  first_col\"><div data-field-wrapper=\"fld_6009157\" class=\"form-group\" id=\"fld_6009157_1-wrap\">\r\n\t<label id=\"fld_6009157Label\" for=\"fld_6009157_1\" class=\"control-label\">Email <span aria-hidden=\"true\" role=\"presentation\" class=\"field_required\" style=\"color:#ee0000;\">*<\/span><\/label>\r\n\t<div class=\"\">\r\n\t\t<input   required type=\"email\" data-field=\"fld_6009157\" class=\" form-control\" id=\"fld_6009157_1\" name=\"fld_6009157\" value=\"\" data-type=\"email\" aria-required=\"true\"   aria-labelledby=\"fld_6009157Label\" >\t\t\t<\/div>\r\n<\/div>\r\n<\/div><div  class=\"col-sm-6  last_col\">\n<div data-field-wrapper=\"fld_661545\" class=\"form-group\" id=\"fld_661545_1-wrap\">\r\n\t<label id=\"fld_661545Label\" for=\"fld_661545_1\" class=\"control-label\">Mese<\/label>\r\n\t<div class=\"\">\r\n\t\t<input  type=\"text\" data-provide=\"cfdatepicker\" name=\"fld_661545\" value=\"\" id=\"fld_661545_1\" data-field=\"fld_661545\" class=\"form-control cfdatepicker is-cfdatepicker\" data-date-format=\"yyyy-mm-dd\" data-date-start-view=\"month\"   aria-labelledby=\"fld_661545Label\"   \/>\n\t\t\t<\/div>\r\n<\/div>\r\n<\/div><\/div><div id=\"CF5de523db1213c_1-row-4\"  class=\"row  last_row\"><div  class=\"col-sm-12  single\"><div data-field-wrapper=\"fld_7908577\" class=\"form-group\" id=\"fld_7908577_1-wrap\">\r\n<div class=\"\">\r\n\t<input  class=\"btn btn-secondary btn-block\" type=\"submit\" name=\"fld_7908577\" id=\"fld_7908577_1\" value=\"INVIA LA RICHIESTA\" data-field=\"fld_7908577\"  >\n<\/div>\r\n<\/div>\r\n\t<input class=\"button_trigger_1\" type=\"hidden\" name=\"fld_7908577\" id=\"fld_7908577_1_btn\" value=\"\" data-field=\"fld_7908577\"  \/>\n<\/div><\/div><\/form>\r\n<\/div>\r\n\n\t\t\t\t\t\t\t\t<\/div>\n\t\t\t\t<\/div>\n\t\t\t\t\t<\/div>\n\t\t<\/div>\n\t\t\t\t<div class=\"elementor-column elementor-col-50 elementor-top-column elementor-element elementor-element-dc47db9\" data-id=\"dc47db9\" data-element_type=\"column\">\n\t\t\t<div class=\"elementor-widget-wrap\">\n\t\t\t\t\t\t\t<\/div>\n\t\t<\/div>\n\t\t\t\t\t<\/div>\n\t\t<\/section>\n\t\t\t\t<\/div>\n\t\t","protected":false},"excerpt":{"rendered":"<p>Willkommen im Paradies Besuchen Sie den exklusivsten Strand Sardiniens: Das Costa Paradiso Resort ist die ideale Wahl f\u00fcr einen Urlaub am Meer, inmitten einer unber\u00fchrten Natur und in ruhigen kleinen Buchten, die glasklares Wasser und herrliche Sonnenunterg\u00e4nge zu bieten haben. In einer traumhaften Umgebung zwischen Porto Torres und Santa Teresa di Gallura, mitten im romantischen [&#8230;]<\/p>\n<p><a class=\"btn btn-secondary understrap-read-more-link\" href=\"https:\/\/costaparadisoresort.com\/de\/\">Read More&#8230;<\/a><\/p>\n","protected":false},"author":1,"featured_media":0,"parent":0,"menu_order":0,"comment_status":"closed","ping_status":"closed","template":"elementor_header_footer","meta":{"footnotes":""},"class_list":["post-468","page","type-page","status-publish","hentry"],"_links":{"self":[{"href":"https:\/\/costaparadisoresort.com\/de\/wp-json\/wp\/v2\/pages\/468","targetHints":{"allow":["GET"]}}],"collection":[{"href":"https:\/\/costaparadisoresort.com\/de\/wp-json\/wp\/v2\/pages"}],"about":[{"href":"https:\/\/costaparadisoresort.com\/de\/wp-json\/wp\/v2\/types\/page"}],"author":[{"embeddable":true,"href":"https:\/\/costaparadisoresort.com\/de\/wp-json\/wp\/v2\/users\/1"}],"replies":[{"embeddable":true,"href":"https:\/\/costaparadisoresort.com\/de\/wp-json\/wp\/v2\/comments?post=468"}],"version-history":[{"count":6,"href":"https:\/\/costaparadisoresort.com\/de\/wp-json\/wp\/v2\/pages\/468\/revisions"}],"predecessor-version":[{"id":819,"href":"https:\/\/costaparadisoresort.com\/de\/wp-json\/wp\/v2\/pages\/468\/revisions\/819"}],"wp:attachment":[{"href":"https:\/\/costaparadisoresort.com\/de\/wp-json\/wp\/v2\/media?parent=468"}],"curies":[{"name":"wp","href":"https:\/\/api.w.org\/{rel}","templated":true}]}}