{"id":448,"date":"2019-12-16T10:56:06","date_gmt":"2019-12-16T10:56:06","guid":{"rendered":"https:\/\/costaparadisoresort.com\/?page_id=448"},"modified":"2019-12-16T10:56:06","modified_gmt":"2019-12-16T10:56:06","slug":"lage-und-fahre","status":"publish","type":"page","link":"https:\/\/costaparadisoresort.com\/de\/lage-und-fahre\/","title":{"rendered":"Lage und F\u00e4hre"},"content":{"rendered":"\t\t<div data-elementor-type=\"wp-page\" data-elementor-id=\"448\" class=\"elementor elementor-448 elementor-135\">\n\t\t\t\t\t\t<section class=\"elementor-section elementor-top-section elementor-element elementor-element-f3dcc15 elementor-section-boxed elementor-section-height-default elementor-section-height-default\" data-id=\"f3dcc15\" data-element_type=\"section\">\n\t\t\t\t\t\t<div class=\"elementor-container elementor-column-gap-default\">\n\t\t\t\t\t<div class=\"elementor-column elementor-col-100 elementor-top-column elementor-element elementor-element-2949ecd\" data-id=\"2949ecd\" data-element_type=\"column\">\n\t\t\t<div class=\"elementor-widget-wrap elementor-element-populated\">\n\t\t\t\t\t\t<div class=\"elementor-element elementor-element-8df4e8a elementor-widget elementor-widget-heading\" data-id=\"8df4e8a\" data-element_type=\"widget\" data-widget_type=\"heading.default\">\n\t\t\t\t<div class=\"elementor-widget-container\">\n\t\t\t\t\t<div class=\"elementor-heading-title elementor-size-default\">Lage und F\u00e4hre<\/div>\t\t\t\t<\/div>\n\t\t\t\t<\/div>\n\t\t\t\t\t<\/div>\n\t\t<\/div>\n\t\t\t\t\t<\/div>\n\t\t<\/section>\n\t\t\t\t<section class=\"elementor-section elementor-top-section elementor-element elementor-element-e7bec30 elementor-section-boxed elementor-section-height-default elementor-section-height-default\" data-id=\"e7bec30\" data-element_type=\"section\">\n\t\t\t\t\t\t<div class=\"elementor-container elementor-column-gap-default\">\n\t\t\t\t\t<div class=\"elementor-column elementor-col-100 elementor-top-column elementor-element elementor-element-2a4d59c\" data-id=\"2a4d59c\" data-element_type=\"column\">\n\t\t\t<div class=\"elementor-widget-wrap elementor-element-populated\">\n\t\t\t\t\t\t<div class=\"elementor-element elementor-element-3f2ea92 elementor-widget elementor-widget-google_maps\" data-id=\"3f2ea92\" data-element_type=\"widget\" data-widget_type=\"google_maps.default\">\n\t\t\t\t<div class=\"elementor-widget-container\">\n\t\t\t\t\t\t\t<div class=\"elementor-custom-embed\">\n\t\t\t<iframe loading=\"lazy\"\n\t\t\t\t\tsrc=\"https:\/\/maps.google.com\/maps?q=Costa%20Paradiso%2007038%20Trinit%C3%A0%20d%27Agultu%20e%20Vignola%2C%20Province%20of%20Olbia-Tempio&#038;t=m&#038;z=10&#038;output=embed&#038;iwloc=near\"\n\t\t\t\t\ttitle=\"Costa Paradiso 07038 Trinit\u00e0 d&#039;Agultu e Vignola, Province of Olbia-Tempio\"\n\t\t\t\t\taria-label=\"Costa Paradiso 07038 Trinit\u00e0 d&#039;Agultu e Vignola, Province of Olbia-Tempio\"\n\t\t\t><\/iframe>\n\t\t<\/div>\n\t\t\t\t\t\t<\/div>\n\t\t\t\t<\/div>\n\t\t\t\t<div class=\"elementor-element elementor-element-0839e2a elementor-widget elementor-widget-text-editor\" data-id=\"0839e2a\" data-element_type=\"widget\" data-widget_type=\"text-editor.default\">\n\t\t\t\t<div class=\"elementor-widget-container\">\n\t\t\t\t\t\t\t\t\t<p>Knapp eine Stunde Autofahrt von der Costa Smeralda entfernt, erwartet das Costa Paradiso Resort seine G\u00e4ste mit komfortablen Ferienh\u00e4usern, etwa 46 km s\u00fcdlich von Santa Teresa di Gallura an einer der sch\u00f6nsten und zauberhaftesten, im nordwestlichen Teil Sardiniens liegenden K\u00fcsten Sardiniens.<\/p>\n<p>Dieses unglaubliche Badeparadies bietet romantische, kleine sandige Buchten, die von einem spektakul\u00e4ren Meer besp\u00fclt werden, herrliche, vom st\u00e4ndigen Wind geformte Granitfelsen und eine bezaubernde \u00fcppige mediterrane Macchia.<\/p>\n<p>Das Costa Paradiso Resort ist bequem mit den Autof\u00e4hren zu erreichen, die an den wichtigsten Touristenh\u00e4fen Sardiniens (Olbia, Porto Torres, Golfo degli Aranci und Palau) anlegen. Ebenso gut erreicht man die Insel durch die Flugverbindungen mit den Flugh\u00e4fen von Olbia und Alghero. Ein Urlaub im Costa Paradiso Resort bedeutet, das Meer in all seinen Facetten zu erleben, dabei s\u00e4mtliche Dienstleistungen zu genie\u00dfen und seine Zeit mit dem \u00fcppigen Erholungs- und Unterhaltungsangebot zu verbringen.<\/p>\n<p><strong>Wie Sie uns erreichen<\/strong><\/p>\n<p><strong>Von den H\u00e4fen in Olbia und Golfo Aranci<\/strong><br \/>\nNachdem man mit der F\u00e4hre auf Sardinien angekommen ist, erreicht man die Costa Paradiso vom Hafen der Stadt Olbia aus nach 80 km und vom Hafen Golfo Aranci nach 75 km, indem man die Stra\u00dfe Arzachena \u2013 Palau in Richtung des Orts Santa Teresa di Gallura und Castelsardo entlang f\u00e4hrt.<\/p>\n<p><strong>Von Porto Torres<\/strong><br \/>\nMan f\u00e4hrt die K\u00fcstenstra\u00dfe etwa 80 km in Richtung der Ortschaften Castelsardo und Santa Teresa di Gallura entlang. Dann geht es auf der Provinzstra\u00dfe Nr. 90 weiter in Richtung Castelsardo, wobei man an der Abzweigung zur Costa Paradiso abbiegt.<br \/>\n<strong><br \/>\nVom Hafen in Palau<\/strong><br \/>\nMan f\u00e4hrt auf der SP (Provinzstra\u00dfe) 133 in Richtung des Orts Santa Teresa di Gallura und biegt dann auf die SP (Provinzstra\u00dfe) 90 in Richtung des Orts Castelsardo ab; nach etwa 40 km trifft man an der rechten Stra\u00dfenseite auf die Abzweigung zur Costa Paradiso.<\/p>\n<p><strong>Vom Flughafen in Olbia<\/strong><br \/>\nDer n\u00e4chste Flughafen ist Olbia &#8211; Costa Smeralda; um von Olbia aus die Costa Paradiso zu erreichen, befolgt man die weiter oben gegebene Wegbeschreibung.<\/p>\n<p><strong>Vom Flughafen in Alghero<\/strong><br \/>\nDer Flughafen liegt etwa 80 km entfernt: man f\u00e4hrt die wundersch\u00f6ne K\u00fcstenstra\u00dfe entlang in Richtung Platamona und Castelsardo, dann weiter auf der SP (Provinzstra\u00dfe) 90 in Richtung Santa Teresa di Gallura bis zur Abzweigung zur Costa Paradiso.<\/p>\n<p>&nbsp;<\/p>\n\t\t\t\t\t\t\t\t<\/div>\n\t\t\t\t<\/div>\n\t\t\t\t\t<\/div>\n\t\t<\/div>\n\t\t\t\t\t<\/div>\n\t\t<\/section>\n\t\t\t\t<section class=\"elementor-section elementor-top-section elementor-element elementor-element-2c60278 elementor-section-boxed elementor-section-height-default elementor-section-height-default\" data-id=\"2c60278\" data-element_type=\"section\">\n\t\t\t\t\t\t<div class=\"elementor-container elementor-column-gap-default\">\n\t\t\t\t\t<div class=\"elementor-column elementor-col-100 elementor-top-column elementor-element elementor-element-9a93514\" data-id=\"9a93514\" data-element_type=\"column\">\n\t\t\t<div class=\"elementor-widget-wrap elementor-element-populated\">\n\t\t\t\t\t\t<div class=\"elementor-element elementor-element-eef7a6b elementor-widget elementor-widget-heading\" data-id=\"eef7a6b\" data-element_type=\"widget\" data-widget_type=\"heading.default\">\n\t\t\t\t<div class=\"elementor-widget-container\">\n\t\t\t\t\t<div class=\"elementor-heading-title elementor-size-default\">F\u00c4HRE BUCHEN<\/div>\t\t\t\t<\/div>\n\t\t\t\t<\/div>\n\t\t\t\t\t<\/div>\n\t\t<\/div>\n\t\t\t\t\t<\/div>\n\t\t<\/section>\n\t\t\t\t<section class=\"elementor-section elementor-top-section elementor-element elementor-element-690db59 elementor-section-boxed elementor-section-height-default elementor-section-height-default\" data-id=\"690db59\" data-element_type=\"section\">\n\t\t\t\t\t\t<div class=\"elementor-container elementor-column-gap-default\">\n\t\t\t\t\t<div class=\"elementor-column elementor-col-100 elementor-top-column elementor-element elementor-element-d0b570e\" data-id=\"d0b570e\" data-element_type=\"column\">\n\t\t\t<div class=\"elementor-widget-wrap elementor-element-populated\">\n\t\t\t\t\t\t<div class=\"elementor-element elementor-element-0e00236 elementor-widget elementor-widget-heading\" data-id=\"0e00236\" data-element_type=\"widget\" data-widget_type=\"heading.default\">\n\t\t\t\t<div class=\"elementor-widget-container\">\n\t\t\t\t\t<div class=\"elementor-heading-title elementor-size-default\"> <\/div>\t\t\t\t<\/div>\n\t\t\t\t<\/div>\n\t\t\t\t\t<\/div>\n\t\t<\/div>\n\t\t\t\t\t<\/div>\n\t\t<\/section>\n\t\t\t\t<section class=\"elementor-section elementor-top-section elementor-element elementor-element-c7f1c66 elementor-section-boxed elementor-section-height-default elementor-section-height-default\" data-id=\"c7f1c66\" data-element_type=\"section\">\n\t\t\t\t\t\t<div class=\"elementor-container elementor-column-gap-default\">\n\t\t\t\t\t<div class=\"elementor-column elementor-col-100 elementor-top-column elementor-element elementor-element-dafc421\" data-id=\"dafc421\" data-element_type=\"column\">\n\t\t\t<div class=\"elementor-widget-wrap elementor-element-populated\">\n\t\t\t\t\t\t<div class=\"elementor-element elementor-element-6f6202e elementor-widget elementor-widget-heading\" data-id=\"6f6202e\" data-element_type=\"widget\" data-widget_type=\"heading.default\">\n\t\t\t\t<div class=\"elementor-widget-container\">\n\t\t\t\t\t<div class=\"elementor-heading-title elementor-size-default\"><a href=\"https:\/\/costaparadisoresort-sviluppo.com\/wp-content\/uploads\/2019\/12\/Costa_Paradiso_Resort_Map.pdf\">Drucken Sie die Karte mit der Wegbeschreibung f\u00fcr Ihre Anreise<\/a><\/div>\t\t\t\t<\/div>\n\t\t\t\t<\/div>\n\t\t\t\t\t<\/div>\n\t\t<\/div>\n\t\t\t\t\t<\/div>\n\t\t<\/section>\n\t\t\t\t<\/div>\n\t\t","protected":false},"excerpt":{"rendered":"<p>Lage und F\u00e4hre Knapp eine Stunde Autofahrt von der Costa Smeralda entfernt, erwartet das Costa Paradiso Resort seine G\u00e4ste mit komfortablen Ferienh\u00e4usern, etwa 46 km s\u00fcdlich von Santa Teresa di Gallura an einer der sch\u00f6nsten und zauberhaftesten, im nordwestlichen Teil Sardiniens liegenden K\u00fcsten Sardiniens. Dieses unglaubliche Badeparadies bietet romantische, kleine sandige Buchten, die von einem [&#8230;]<\/p>\n<p><a class=\"btn btn-secondary understrap-read-more-link\" href=\"https:\/\/costaparadisoresort.com\/de\/lage-und-fahre\/\">Read More&#8230;<\/a><\/p>\n","protected":false},"author":1,"featured_media":0,"parent":0,"menu_order":0,"comment_status":"closed","ping_status":"closed","template":"elementor_header_footer","meta":{"footnotes":""},"class_list":["post-448","page","type-page","status-publish","hentry"],"_links":{"self":[{"href":"https:\/\/costaparadisoresort.com\/de\/wp-json\/wp\/v2\/pages\/448","targetHints":{"allow":["GET"]}}],"collection":[{"href":"https:\/\/costaparadisoresort.com\/de\/wp-json\/wp\/v2\/pages"}],"about":[{"href":"https:\/\/costaparadisoresort.com\/de\/wp-json\/wp\/v2\/types\/page"}],"author":[{"embeddable":true,"href":"https:\/\/costaparadisoresort.com\/de\/wp-json\/wp\/v2\/users\/1"}],"replies":[{"embeddable":true,"href":"https:\/\/costaparadisoresort.com\/de\/wp-json\/wp\/v2\/comments?post=448"}],"version-history":[{"count":1,"href":"https:\/\/costaparadisoresort.com\/de\/wp-json\/wp\/v2\/pages\/448\/revisions"}],"predecessor-version":[{"id":449,"href":"https:\/\/costaparadisoresort.com\/de\/wp-json\/wp\/v2\/pages\/448\/revisions\/449"}],"wp:attachment":[{"href":"https:\/\/costaparadisoresort.com\/de\/wp-json\/wp\/v2\/media?parent=448"}],"curies":[{"name":"wp","href":"https:\/\/api.w.org\/{rel}","templated":true}]}}